{"id":5489,"date":"2025-07-23T10:42:21","date_gmt":"2025-07-23T14:42:21","guid":{"rendered":"https:\/\/setec.ufmt.br\/eventos\/semiedu2025\/?page_id=5489"},"modified":"2025-07-23T17:19:56","modified_gmt":"2025-07-23T21:19:56","slug":"submissao-de-trabalhos-vii-encontro-da-educacao-escolar-quilombola","status":"publish","type":"page","link":"https:\/\/setec.ufmt.br\/eventos\/semiedu2025\/submissao-de-trabalhos-vii-encontro-da-educacao-escolar-quilombola\/","title":{"rendered":"Submiss\u00e3o de Trabalhos &#8211; VII Encontro da Educa\u00e7\u00e3o Escolar Quilombola"},"content":{"rendered":"<div class=\"members-access-error\">Desculpe, mas voc\u00ea n\u00e3o tem permiss\u00e3o para visualizar este conte\u00fado<\/div>\n","protected":false},"excerpt":{"rendered":"<div class=\"members-access-error\">Desculpe, mas voc\u00ea n\u00e3o tem permiss\u00e3o para visualizar este conte\u00fado<\/div>\n","protected":false},"author":1076,"featured_media":0,"parent":0,"menu_order":0,"comment_status":"closed","ping_status":"closed","template":"","meta":{"footnotes":""},"class_list":["post-5489","page","type-page","status-publish","hentry"],"_links":{"self":[{"href":"https:\/\/setec.ufmt.br\/eventos\/semiedu2025\/wp-json\/wp\/v2\/pages\/5489"}],"collection":[{"href":"https:\/\/setec.ufmt.br\/eventos\/semiedu2025\/wp-json\/wp\/v2\/pages"}],"about":[{"href":"https:\/\/setec.ufmt.br\/eventos\/semiedu2025\/wp-json\/wp\/v2\/types\/page"}],"author":[{"embeddable":true,"href":"https:\/\/setec.ufmt.br\/eventos\/semiedu2025\/wp-json\/wp\/v2\/users\/1076"}],"replies":[{"embeddable":true,"href":"https:\/\/setec.ufmt.br\/eventos\/semiedu2025\/wp-json\/wp\/v2\/comments?post=5489"}],"version-history":[{"count":4,"href":"https:\/\/setec.ufmt.br\/eventos\/semiedu2025\/wp-json\/wp\/v2\/pages\/5489\/revisions"}],"predecessor-version":[{"id":5493,"href":"https:\/\/setec.ufmt.br\/eventos\/semiedu2025\/wp-json\/wp\/v2\/pages\/5489\/revisions\/5493"}],"wp:attachment":[{"href":"https:\/\/setec.ufmt.br\/eventos\/semiedu2025\/wp-json\/wp\/v2\/media?parent=5489"}],"curies":[{"name":"wp","href":"https:\/\/api.w.org\/{rel}","templated":true}]}}