{"id":974,"date":"2023-08-07T08:18:04","date_gmt":"2023-08-07T12:18:04","guid":{"rendered":"https:\/\/setec.ufmt.br\/eventos\/semiedu\/?page_id=974"},"modified":"2024-09-11T09:13:02","modified_gmt":"2024-09-11T13:13:02","slug":"normas-gerais-para-a-inscricao-com-submissao-de-trabalho","status":"publish","type":"page","link":"https:\/\/setec.ufmt.br\/eventos\/semiedu2024\/normas-gerais-para-a-inscricao-com-submissao-de-trabalho\/","title":{"rendered":"NORMAS GERAIS PARA A INSCRI\u00c7\u00c3O COM SUBMISS\u00c3O DE TRABALHO"},"content":{"rendered":"\t\t<div data-elementor-type=\"wp-page\" data-elementor-id=\"974\" class=\"elementor elementor-974\" data-elementor-post-type=\"page\">\n\t\t\t\t<div class=\"elementor-element elementor-element-3d3ca1c e-flex e-con-boxed e-con e-parent\" data-id=\"3d3ca1c\" data-element_type=\"container\">\n\t\t\t\t\t<div class=\"e-con-inner\">\n\t\t\t\t<div class=\"elementor-element elementor-element-d88436d elementor-widget elementor-widget-text-editor\" data-id=\"d88436d\" data-element_type=\"widget\" data-widget_type=\"text-editor.default\">\n\t\t\t\t<div class=\"elementor-widget-container\">\n\t\t\t<style>\/*! elementor - v3.23.0 - 05-08-2024 *\/\n.elementor-widget-text-editor.elementor-drop-cap-view-stacked .elementor-drop-cap{background-color:#69727d;color:#fff}.elementor-widget-text-editor.elementor-drop-cap-view-framed .elementor-drop-cap{color:#69727d;border:3px solid;background-color:transparent}.elementor-widget-text-editor:not(.elementor-drop-cap-view-default) .elementor-drop-cap{margin-top:8px}.elementor-widget-text-editor:not(.elementor-drop-cap-view-default) .elementor-drop-cap-letter{width:1em;height:1em}.elementor-widget-text-editor .elementor-drop-cap{float:left;text-align:center;line-height:1;font-size:50px}.elementor-widget-text-editor .elementor-drop-cap-letter{display:inline-block}<\/style>\t\t\t\t<p><b><span style=\"font-weight: 400;\">A inscri\u00e7\u00e3o no SemiEdu 2024 antecede a submiss\u00e3o de trabalho (recomenda-se realizar o pagamento da inscri\u00e7\u00e3o 3 dias antes da submiss\u00e3o).<\/span><\/b><\/p><p><span style=\"font-weight: 400;\">Na edi\u00e7\u00e3o de 2024 do SemiEdu, os textos devem ser enviados em dois arquivos em formato PDF:\u00a0<\/span><\/p><p><span style=\"font-weight: 400;\">1) <\/span><b>Uma vers\u00e3o SEM IDENTIFICA\u00c7\u00c3O<\/b><span style=\"font-weight: 400;\"> (a ser analisada pelos pareceristas);\u00a0<\/span><\/p><p><span style=\"font-weight: 400;\">2) <\/span><b>Uma vers\u00e3o COM IDENTIFICA\u00c7\u00c3O<\/b><span style=\"font-weight: 400;\">, com filia\u00e7\u00e3o e e-mail dos\/as autores\/as (compor\u00e1 os Anais, em caso de aprova\u00e7\u00e3o);<\/span><\/p><p><span style=\"font-weight: 400;\">Haver\u00e1 o <\/span><b>espa\u00e7o especificado <\/b><span style=\"font-weight: 400;\">para cada um dos arquivos<\/span><b> no site <\/b><span style=\"font-weight: 400;\">do SemiEdu 2024. Caso a vers\u00e3o identificada seja submetida equivocadamente no espa\u00e7o que deveria conter a vers\u00e3o sem identifica\u00e7\u00e3o, o texto poder\u00e1 ser<\/span><b> rejeitado por quebra de anonimato<\/b><span style=\"font-weight: 400;\">. Por isso \u00e9 preciso aten\u00e7\u00e3o no momento da submiss\u00e3o.\u00a0<\/span><\/p><p><span style=\"font-weight: 400;\">O texto identificado ser\u00e1 utilizado para publica\u00e7\u00e3o nos anais do evento. Portanto, n\u00e3o haver\u00e1 a possibilidade de corre\u00e7\u00e3o\/revis\u00e3o lingu\u00edstica do texto por parte dos\/as autores\/as ap\u00f3s a submiss\u00e3o. <strong>\u00c9 de<\/strong><\/span><strong> inteira responsabilidade dos\/as autores\/as a realiza\u00e7\u00e3o da corre\u00e7\u00e3o\/revis\u00e3o lingu\u00edstica antes da submiss\u00e3o no site do evento.\u00a0<\/strong><\/p><p><span style=\"font-weight: 400;\">Deve ser enviado, ainda, o <\/span><a href=\"https:\/\/setec.ufmt.br\/eventos\/semiedu2024\/wp-content\/uploads\/2024\/08\/TAP-Portugues-editavel.pdf\"><b>Termo de Autoriza\u00e7\u00e3o de Publica\u00e7\u00e3o<\/b><\/a><span style=\"font-weight: 400;\">. Os\/as autores\/as dos textos submetidos ao SemiEdu 2024 autorizam a public\u00e1-los de acordo com os termos da licen\u00e7a <\/span><i><span style=\"font-weight: 400;\">Creative Commons Attribution 4.0 International Public License<\/span><\/i><span style=\"font-weight: 400;\"> (CC BY 4.0).<\/span><\/p><p><span style=\"font-weight: 400;\">Os trabalhos ser\u00e3o avaliados em rela\u00e7\u00e3o \u00e0 pertin\u00eancia ao Grupo de Trabalho e ao conte\u00fado, pertin\u00eancia\/relev\u00e2ncia do trabalho e qualidade de apresenta\u00e7\u00e3o da discuss\u00e3o proposta.<\/span><\/p><p><b>Os trabalhos submetidos devem obedecer \u00e0s seguintes normas gerais:<\/b><b><\/b><b><\/b><\/p><ol><li style=\"font-weight: 400;\" aria-level=\"1\"><span style=\"font-weight: 400;\">Ter tem\u00e1tica relacionada a um dos Grupos de Trabalho (GT) indicados;<\/span><\/li><li style=\"font-weight: 400;\" aria-level=\"1\"><span style=\"font-weight: 400;\">Estar em conformidade com as Normas t\u00e9cnicas da ABNT\u00a0 NBR 10520\/2023;<\/span><\/li><li style=\"font-weight: 400;\" aria-level=\"1\"><b>Ter, no m\u00e1ximo, 5 autores\/as<\/b><span style=\"font-weight: 400;\">;<\/span><\/li><li style=\"font-weight: 400;\" aria-level=\"1\"><span style=\"font-weight: 400;\">Apresentar qualidade argumentativa e de organiza\u00e7\u00e3o das ideias;<\/span><\/li><li style=\"font-weight: 400;\" aria-level=\"1\"><span style=\"font-weight: 400;\">Possuir base te\u00f3rica explicitada;<\/span><\/li><li style=\"font-weight: 400;\" aria-level=\"1\"><span style=\"font-weight: 400;\">Apresentar contribui\u00e7\u00e3o te\u00f3rica \u2013 epistemol\u00f3gica ou metodol\u00f3gica \u2013 ou pr\u00e1tica para um dos campos representados pelos GT.<\/span><\/li><\/ol><p><span style=\"font-weight: 400;\">Cada autor\/a poder\u00e1\u00a0<\/span><b>submeter<\/b><span style=\"font-weight: 400;\">\u00a0apenas um (01) trabalho na condi\u00e7\u00e3o de autoria principal (1\u00b0 autor\/a)\u00a0<\/span><b>e a coautoria <\/b><span style=\"font-weight: 400;\">\u00e9 permitida para<\/span><b> at\u00e9 quatro (04) trabalhos.\u00a0<\/b><\/p><p><span style=\"font-weight: 400;\">Em caso de trabalhos com mais de um\/a autor\/a, deve-se observar as seguintes regras:<\/span><\/p><ul><li style=\"font-weight: 400;\" aria-level=\"1\"><span style=\"font-weight: 400;\">Apenas o\/a primeiro\/a autor\/a dever\u00e1 ser respons\u00e1vel pela submiss\u00e3o do texto no sistema do evento;<\/span><\/li><li style=\"font-weight: 400;\" aria-level=\"1\"><span style=\"font-weight: 400;\">N\u00e3o ser\u00e1 permitida a altera\u00e7\u00e3o de arquivos ap\u00f3s a submiss\u00e3o do trabalho no site do evento;<\/span><\/li><li style=\"font-weight: 400;\" aria-level=\"1\">Todos os\/as participantes que ir\u00e3o submeter trabalho no SemiEdu 2024, na condi\u00e7\u00e3o de autor\/a e co\/autores\/as, <strong>dever\u00e3o realizar a inscri\u00e7\u00e3o com anteced\u00eancia (recomenda-se realizar o pagamento da inscri\u00e7\u00e3o 3 dias antes da submiss\u00e3o), sob pena de n\u00e3o ser publicado nos Anais do Evento, caso o trabalho seja aprovado;<\/strong><\/li><li style=\"font-weight: 400;\" aria-level=\"1\"><span style=\"font-weight: 400;\">O n\u00e3o pagamento da taxa de inscri\u00e7\u00e3o, com compensa\u00e7\u00e3o do pagamento antes do encerramento do per\u00edodo de submiss\u00e3o dos textos, implica na impossibilidade de submiss\u00e3o do texto no site do SemiEdu 2024;<\/span><\/li><li style=\"font-weight: 400;\" aria-level=\"1\"><span style=\"font-weight: 400;\">N\u00e3o haver\u00e1 devolu\u00e7\u00e3o de taxa em qualquer hip\u00f3tese.<\/span><\/li><\/ul><p><span style=\"font-weight: 400;\">Os trabalhos somente ser\u00e3o avaliados se:<\/span><\/p><ul><li style=\"font-weight: 400;\" aria-level=\"1\"><span style=\"font-weight: 400;\">Os arquivos dos textos (com e sem identifica\u00e7\u00e3o) forem enviados por meio do sistema de<\/span><i><span style=\"font-weight: 400;\"> upload<\/span><\/i><span style=\"font-weight: 400;\"> do <\/span><i><span style=\"font-weight: 400;\">site<\/span><\/i><span style=\"font-weight: 400;\"> (ap\u00f3s <\/span><i><span style=\"font-weight: 400;\">login<\/span><\/i><span style=\"font-weight: 400;\"> e senha, na p\u00e1gina de inscri\u00e7\u00e3o) at\u00e9 a\u00a0<\/span><b>data limite<\/b><span style=\"font-weight: 400;\">\u00a0especificada e divulgada para a edi\u00e7\u00e3o do SemiEdu 2024;<\/span><\/li><li style=\"font-weight: 400;\" aria-level=\"1\"><span style=\"font-weight: 400;\">Atenderem \u00e0s especifica\u00e7\u00f5es contidas no\u00a0<\/span><i><span style=\"font-weight: 400;\">Template<\/span><\/i><span style=\"font-weight: 400;\"> de cada formato de trabalho (Trabalho Completo,<\/span><span style=\"font-weight: 400;\">\u00a0<\/span><span style=\"font-weight: 400;\">R<\/span><span style=\"font-weight: 400;\">elato de <\/span><span style=\"font-weight: 400;\">E<\/span><span style=\"font-weight: 400;\">xperi\u00eancia e <\/span><span style=\"font-weight: 400;\">P<\/span><span style=\"font-weight: 400;\">\u00f4ster);<\/span><\/li><li aria-level=\"1\"><span style=\"font-weight: 400;\">Utilizarem o formato de arquivo do <\/span><i style=\"font-weight: 400;\"><span style=\"font-weight: 400;\">Template;<\/span><\/i><\/li><li aria-level=\"1\">Estiverem em formato PDF.<br \/><span style=\"text-align: var(--text-align); color: var(--ignition-text-color); letter-spacing: 0em; background-color: var(--ignition-body-background-color);\"><br \/><b>Abaixo as normas espec\u00edficas para cada modalidades de trabalho:\u00a0<\/b><\/span><\/li><\/ul>\t\t\t\t\t\t<\/div>\n\t\t\t\t<\/div>\n\t\t\t\t\t<\/div>\n\t\t\t\t<\/div>\n\t\t<div class=\"elementor-element elementor-element-6eff1b3 e-flex e-con-boxed e-con e-parent\" data-id=\"6eff1b3\" data-element_type=\"container\">\n\t\t\t\t\t<div class=\"e-con-inner\">\n\t\t\t\t<div class=\"elementor-element elementor-element-ed4464f elementor-tabs-view-horizontal elementor-widget elementor-widget-tabs\" data-id=\"ed4464f\" data-element_type=\"widget\" data-widget_type=\"tabs.default\">\n\t\t\t\t<div class=\"elementor-widget-container\">\n\t\t\t<style>\/*! elementor - v3.23.0 - 05-08-2024 *\/\n.elementor-widget-tabs.elementor-tabs-view-vertical .elementor-tabs-wrapper{width:25%;flex-shrink:0}.elementor-widget-tabs.elementor-tabs-view-vertical .elementor-tab-desktop-title.elementor-active{border-inline-end-style:none}.elementor-widget-tabs.elementor-tabs-view-vertical .elementor-tab-desktop-title.elementor-active:after,.elementor-widget-tabs.elementor-tabs-view-vertical .elementor-tab-desktop-title.elementor-active:before{height:999em;width:0;right:0;border-inline-end-style:solid}.elementor-widget-tabs.elementor-tabs-view-vertical .elementor-tab-desktop-title.elementor-active:before{top:0;transform:translateY(-100%)}.elementor-widget-tabs.elementor-tabs-view-vertical .elementor-tab-desktop-title.elementor-active:after{top:100%}.elementor-widget-tabs.elementor-tabs-view-horizontal .elementor-tab-desktop-title{display:table-cell}.elementor-widget-tabs.elementor-tabs-view-horizontal .elementor-tab-desktop-title.elementor-active{border-bottom-style:none}.elementor-widget-tabs.elementor-tabs-view-horizontal .elementor-tab-desktop-title.elementor-active:after,.elementor-widget-tabs.elementor-tabs-view-horizontal .elementor-tab-desktop-title.elementor-active:before{bottom:0;height:0;width:999em;border-bottom-style:solid}.elementor-widget-tabs.elementor-tabs-view-horizontal .elementor-tab-desktop-title.elementor-active:before{right:100%}.elementor-widget-tabs.elementor-tabs-view-horizontal .elementor-tab-desktop-title.elementor-active:after{left:100%}.elementor-widget-tabs .elementor-tab-content,.elementor-widget-tabs .elementor-tab-title,.elementor-widget-tabs .elementor-tab-title:after,.elementor-widget-tabs .elementor-tab-title:before,.elementor-widget-tabs .elementor-tabs-content-wrapper{border:1px #d5d8dc}.elementor-widget-tabs .elementor-tabs{text-align:start}.elementor-widget-tabs .elementor-tabs-wrapper{overflow:hidden}.elementor-widget-tabs .elementor-tab-title{cursor:pointer;outline:var(--focus-outline,none)}.elementor-widget-tabs .elementor-tab-desktop-title{position:relative;padding:20px 25px;font-weight:700;line-height:1;border:solid transparent}.elementor-widget-tabs .elementor-tab-desktop-title.elementor-active{border-color:#d5d8dc}.elementor-widget-tabs .elementor-tab-desktop-title.elementor-active:after,.elementor-widget-tabs .elementor-tab-desktop-title.elementor-active:before{display:block;content:\"\";position:absolute}.elementor-widget-tabs .elementor-tab-desktop-title:focus-visible{border:1px solid #000}.elementor-widget-tabs .elementor-tab-mobile-title{padding:10px;cursor:pointer}.elementor-widget-tabs .elementor-tab-content{padding:20px;display:none}@media (max-width:767px){.elementor-tabs .elementor-tab-content,.elementor-tabs .elementor-tab-title{border-style:solid solid none}.elementor-tabs .elementor-tabs-wrapper{display:none}.elementor-tabs .elementor-tabs-content-wrapper{border-bottom-style:solid}.elementor-tabs .elementor-tab-content{padding:10px}}@media (min-width:768px){.elementor-widget-tabs.elementor-tabs-view-vertical .elementor-tabs{display:flex}.elementor-widget-tabs.elementor-tabs-view-vertical .elementor-tabs-wrapper{flex-direction:column}.elementor-widget-tabs.elementor-tabs-view-vertical .elementor-tabs-content-wrapper{flex-grow:1;border-style:solid solid solid none}.elementor-widget-tabs.elementor-tabs-view-horizontal .elementor-tab-content{border-style:none solid solid}.elementor-widget-tabs.elementor-tabs-alignment-center .elementor-tabs-wrapper,.elementor-widget-tabs.elementor-tabs-alignment-end .elementor-tabs-wrapper,.elementor-widget-tabs.elementor-tabs-alignment-stretch .elementor-tabs-wrapper{display:flex}.elementor-widget-tabs.elementor-tabs-alignment-center .elementor-tabs-wrapper{justify-content:center}.elementor-widget-tabs.elementor-tabs-alignment-end .elementor-tabs-wrapper{justify-content:flex-end}.elementor-widget-tabs.elementor-tabs-alignment-stretch.elementor-tabs-view-horizontal .elementor-tab-title{width:100%}.elementor-widget-tabs.elementor-tabs-alignment-stretch.elementor-tabs-view-vertical .elementor-tab-title{height:100%}.elementor-tabs .elementor-tab-mobile-title{display:none}}<\/style>\t\t<div class=\"elementor-tabs\">\n\t\t\t<div class=\"elementor-tabs-wrapper\" role=\"tablist\" >\n\t\t\t\t\t\t\t\t\t<div id=\"elementor-tab-title-2481\" class=\"elementor-tab-title elementor-tab-desktop-title\" aria-selected=\"true\" data-tab=\"1\" role=\"tab\" tabindex=\"0\" aria-controls=\"elementor-tab-content-2481\" aria-expanded=\"false\">Trabalho Completo<\/div>\n\t\t\t\t\t\t\t\t\t<div id=\"elementor-tab-title-2482\" class=\"elementor-tab-title elementor-tab-desktop-title\" aria-selected=\"false\" data-tab=\"2\" role=\"tab\" tabindex=\"-1\" aria-controls=\"elementor-tab-content-2482\" aria-expanded=\"false\">Relato de Experi\u00eancia<\/div>\n\t\t\t\t\t\t\t\t\t<div id=\"elementor-tab-title-2483\" class=\"elementor-tab-title elementor-tab-desktop-title\" aria-selected=\"false\" data-tab=\"3\" role=\"tab\" tabindex=\"-1\" aria-controls=\"elementor-tab-content-2483\" aria-expanded=\"false\">P\u00f4ster<\/div>\n\t\t\t\t\t\t\t<\/div>\n\t\t\t<div class=\"elementor-tabs-content-wrapper\" role=\"tablist\" aria-orientation=\"vertical\">\n\t\t\t\t\t\t\t\t\t<div class=\"elementor-tab-title elementor-tab-mobile-title\" aria-selected=\"true\" data-tab=\"1\" role=\"tab\" tabindex=\"0\" aria-controls=\"elementor-tab-content-2481\" aria-expanded=\"false\">Trabalho Completo<\/div>\n\t\t\t\t\t<div id=\"elementor-tab-content-2481\" class=\"elementor-tab-content elementor-clearfix\" data-tab=\"1\" role=\"tabpanel\" aria-labelledby=\"elementor-tab-title-2481\" tabindex=\"0\" hidden=\"false\"><p><span style=\"font-weight: 400;\">Os trabalhos em formato de<\/span><b> Trabalho Completo <\/b><span style=\"font-weight: 400;\">somente ser\u00e3o aceitos se:<\/span><\/p><ol><li aria-level=\"1\">O texto do\u00a0<b>trabalho completo\u00a0<\/b>em sua totalidade (elementos pr\u00e9-textuais, textuais e p\u00f3s-textuais) deve conter entre\u00a0<b>8 (oito) e 10 (dez) p\u00e1ginas<\/b>;<\/li><li aria-level=\"1\">Apresentarem tem\u00e1tica relacionada ao Grupo de Trabalho ao qual foram submetidos;<\/li><li aria-level=\"1\"><span style=\"font-weight: 400;\">Apresentarem em sua estrutura quatro conte\u00fados b\u00e1sicos:\u00a0<b>resumo, palavras-chave<\/b>, introdu\u00e7\u00e3o, objetivos, procedimentos metodol\u00f3gicos e principais resultados\/conclus\u00f5es.<\/span><\/li><\/ol><ul><li style=\"font-weight: 400;\" aria-level=\"1\"><span style=\"font-weight: 400;\">Acesse os modelos (com e sem identifica\u00e7\u00e3o) para o Trabalho Completo <\/span><a href=\"https:\/\/setec.ufmt.br\/eventos\/semiedu2024\/templates-de-trabalhos\/\" target=\"_blank\" rel=\"noopener\"><span style=\"font-weight: 400;\">aqui<\/span><\/a><span style=\"font-weight: 400;\">.<\/span><\/li><li style=\"font-weight: 400;\" aria-level=\"1\">Acesse o Termo de Autoriza\u00e7\u00e3o de Publica\u00e7\u00e3o <a href=\"https:\/\/setec.ufmt.br\/eventos\/semiedu2024\/templates-de-trabalhos\/\">aqui<\/a>.<\/li><\/ul><\/div>\n\t\t\t\t\t\t\t\t\t<div class=\"elementor-tab-title elementor-tab-mobile-title\" aria-selected=\"false\" data-tab=\"2\" role=\"tab\" tabindex=\"-1\" aria-controls=\"elementor-tab-content-2482\" aria-expanded=\"false\">Relato de Experi\u00eancia<\/div>\n\t\t\t\t\t<div id=\"elementor-tab-content-2482\" class=\"elementor-tab-content elementor-clearfix\" data-tab=\"2\" role=\"tabpanel\" aria-labelledby=\"elementor-tab-title-2482\" tabindex=\"0\" hidden=\"hidden\"><p><span style=\"font-weight: 400;\">Os trabalhos em formato de<\/span><b> Relato de Experi\u00eancia <\/b><span style=\"font-weight: 400;\">somente ser\u00e3o aceitos se:<\/span><\/p><ol><li aria-level=\"1\">O t<strong>exto do Relato de Experi\u00eancia<\/strong> em sua totalidade (elementos pr\u00e9-textuais, textuais e p\u00f3s-textuais) apresentar entre <strong><strong>4 (quatro) e 6 (seis) p\u00e1ginas;<\/strong><\/strong><\/li><li aria-level=\"1\"><span style=\"font-weight: 400;\"><span style=\"font-weight: 400;\">Apresentarem tem\u00e1tica relacionada ao Grupo de Trabalho ao qual foram submetidos;<\/span><\/span><\/li><li aria-level=\"1\"><span style=\"font-weight: 400;\">Apresentarem em sua estrutura quatro conte\u00fados b\u00e1sicos: introdu\u00e7\u00e3o, objetivos, procedimentos metodol\u00f3gicos e principais resultados\/conclus\u00f5es.<br \/><\/span><\/li><\/ol><ul><li style=\"font-weight: 400;\" aria-level=\"1\"><span style=\"font-weight: 400;\">Acesse os modelos (com e sem identifica\u00e7\u00e3o) para o Relato de Experi\u00eancia <\/span><a href=\"https:\/\/setec.ufmt.br\/eventos\/semiedu2024\/templates-de-trabalhos\/\" target=\"_blank\" rel=\"noopener\"><span style=\"font-weight: 400;\">aqui<\/span><\/a><span style=\"font-weight: 400;\">.<\/span><\/li><li style=\"font-weight: 400;\" aria-level=\"1\"><span style=\"font-weight: 400;\">Acesse o Termo de Autoriza\u00e7\u00e3o de Publica\u00e7\u00e3o <\/span><a href=\"https:\/\/setec.ufmt.br\/eventos\/semiedu2024\/templates-de-trabalhos\/\"><span style=\"font-weight: 400;\">aqui<\/span><\/a><span style=\"font-weight: 400;\">.\u00a0\u00a0<\/span><\/li><\/ul><\/div>\n\t\t\t\t\t\t\t\t\t<div class=\"elementor-tab-title elementor-tab-mobile-title\" aria-selected=\"false\" data-tab=\"3\" role=\"tab\" tabindex=\"-1\" aria-controls=\"elementor-tab-content-2483\" aria-expanded=\"false\">P\u00f4ster<\/div>\n\t\t\t\t\t<div id=\"elementor-tab-content-2483\" class=\"elementor-tab-content elementor-clearfix\" data-tab=\"3\" role=\"tabpanel\" aria-labelledby=\"elementor-tab-title-2483\" tabindex=\"0\" hidden=\"hidden\"><p><span style=\"font-weight: 400;\">Os trabalhos em formato de <\/span><strong>P\u00f4ster <\/strong><span style=\"font-weight: 400;\">somente<\/span> <span style=\"font-weight: 400;\">ser\u00e3o aceitos se:<\/span><\/p><ol><li><span style=\"font-weight: 400;\">O <\/span><b>texto do P\u00f4ster<\/b><span style=\"font-weight: 400;\"> em sua totalidade\u00a0(elementos\u00a0pr\u00e9-textuais, textuais e p\u00f3s-textuais) apresentar entre<\/span><b><b> 3 (tr\u00eas) e 5 (cinco) p\u00e1ginas;<\/b><\/b><\/li><li aria-level=\"1\"><span style=\"font-weight: 400;\"><span style=\"font-weight: 400;\">Apresentarem tem\u00e1tica relacionada ao Grupo de Trabalho ao qual foram submetidos;<\/span><\/span><\/li><li aria-level=\"1\"><span style=\"font-weight: 400;\">Apresentarem em sua estrutura quatro conte\u00fados b\u00e1sicos: introdu\u00e7\u00e3o, objetivos, procedimentos metodol\u00f3gicos e principais resultados\/conclus\u00f5es.<\/span><\/li><\/ol><ul><li style=\"font-weight: 400;\" aria-level=\"1\"><span style=\"font-weight: 400;\">Acesse os modelos (com e sem identifica\u00e7\u00e3o) para o P\u00f4ster <\/span><a href=\"https:\/\/setec.ufmt.br\/eventos\/semiedu2024\/templates-de-trabalhos\/\" target=\"_blank\" rel=\"noopener\"><span style=\"font-weight: 400;\">aqui<\/span><\/a><span style=\"font-weight: 400;\">.<\/span><\/li><li style=\"font-weight: 400;\" aria-level=\"1\"><span style=\"font-weight: 400;\">Acesse o Termo de Autoriza\u00e7\u00e3o de Publica\u00e7\u00e3o <\/span><a href=\"https:\/\/setec.ufmt.br\/eventos\/semiedu2024\/templates-de-trabalhos\/\"><span style=\"font-weight: 400;\">aqui<\/span><\/a><span style=\"font-weight: 400;\">.<\/span><\/li><\/ul><\/div>\n\t\t\t\t\t\t\t<\/div>\n\t\t<\/div>\n\t\t\t\t<\/div>\n\t\t\t\t<\/div>\n\t\t\t\t\t<\/div>\n\t\t\t\t<\/div>\n\t\t\t\t<\/div>\n\t\t","protected":false},"excerpt":{"rendered":"<p>A inscri\u00e7\u00e3o no SemiEdu 2024 antecede a submiss\u00e3o de trabalho (recomenda-se realizar o pagamento da inscri\u00e7\u00e3o 3 dias antes da submiss\u00e3o). Na edi\u00e7\u00e3o de 2024 do SemiEdu, os textos devem ser enviados em dois arquivos [&hellip;]<\/p>\n","protected":false},"author":1076,"featured_media":0,"parent":0,"menu_order":0,"comment_status":"closed","ping_status":"closed","template":"","meta":{"footnotes":""},"class_list":["post-974","page","type-page","status-publish","hentry"],"_links":{"self":[{"href":"https:\/\/setec.ufmt.br\/eventos\/semiedu2024\/wp-json\/wp\/v2\/pages\/974"}],"collection":[{"href":"https:\/\/setec.ufmt.br\/eventos\/semiedu2024\/wp-json\/wp\/v2\/pages"}],"about":[{"href":"https:\/\/setec.ufmt.br\/eventos\/semiedu2024\/wp-json\/wp\/v2\/types\/page"}],"author":[{"embeddable":true,"href":"https:\/\/setec.ufmt.br\/eventos\/semiedu2024\/wp-json\/wp\/v2\/users\/1076"}],"replies":[{"embeddable":true,"href":"https:\/\/setec.ufmt.br\/eventos\/semiedu2024\/wp-json\/wp\/v2\/comments?post=974"}],"version-history":[{"count":104,"href":"https:\/\/setec.ufmt.br\/eventos\/semiedu2024\/wp-json\/wp\/v2\/pages\/974\/revisions"}],"predecessor-version":[{"id":4335,"href":"https:\/\/setec.ufmt.br\/eventos\/semiedu2024\/wp-json\/wp\/v2\/pages\/974\/revisions\/4335"}],"wp:attachment":[{"href":"https:\/\/setec.ufmt.br\/eventos\/semiedu2024\/wp-json\/wp\/v2\/media?parent=974"}],"curies":[{"name":"wp","href":"https:\/\/api.w.org\/{rel}","templated":true}]}}