{"id":4265,"date":"2024-08-21T14:46:04","date_gmt":"2024-08-21T18:46:04","guid":{"rendered":"https:\/\/setec.ufmt.br\/eventos\/semiedu2024\/?page_id=4265"},"modified":"2024-08-21T14:59:08","modified_gmt":"2024-08-21T18:59:08","slug":"area-do-avaliador","status":"publish","type":"page","link":"https:\/\/setec.ufmt.br\/eventos\/semiedu2024\/area-do-avaliador\/","title":{"rendered":"\u00c1rea do Avaliador"},"content":{"rendered":"\t\t<div data-elementor-type=\"wp-page\" data-elementor-id=\"4265\" class=\"elementor elementor-4265\" data-elementor-post-type=\"page\">\n\t\t\t\t<div class=\"elementor-element elementor-element-497adb8 e-flex e-con-boxed e-con e-parent\" data-id=\"497adb8\" data-element_type=\"container\">\n\t\t\t\t\t<div class=\"e-con-inner\">\n\t\t\t\t<div class=\"elementor-element elementor-element-01f8e20 elementor-widget elementor-widget-shortcode\" data-id=\"01f8e20\" data-element_type=\"widget\" data-widget_type=\"shortcode.default\">\n\t\t\t\t<div class=\"elementor-widget-container\">\n\t\t\t\t\t<div class=\"elementor-shortcode\"><div class=\"wpabstracts container\">\n\t<div id=\"loginbox\" style=\"margin-top:50px;\" class=\"mainbox col-md-6 col-md-offset-3 col-sm-8 col-sm-offset-2\">\n\t\t<div style=\"padding: 10px 0;\">\n\t\t\tFa\u00e7a login para acessar a \u00e1rea de submiss\u00e3o de trabalhos\t\t<\/div>\n\t\t<div class=\"wpabstracts panel panel-default\" >\n\t\t\t<div class=\"wpabstracts panel-heading\">\n\t\t\t\t<div class=\"wpabstracts panel-title\">\n\t\t\t\t\tEntrar\t\t\t\t<\/div>\n\t\t\t\t<div style=\"float:right; font-size: 80%; position: relative; top:-18px\">Esqueceu a senha <a href=https:\/\/setec.ufmt.br\/eventos\/semiedu2024\/wp-login.php?action=lostpassword>Redefinir<\/a><\/div>\n\t\t\t<\/div>\n\n\t\t\t<div style=\"padding-top:30px\" class=\"wpabstracts panel-body\" >\n\n\t\t\t\t<div style=\"display:none\" id=\"wpabstracts-alert\" class=\"wpabstracts alert alert-danger col-sm-12\"><\/div>\n\n\t\t\t\t<form id=\"loginform\" class=\"wpabstracts form-horizontal\" role=\"form\">\n\n\t\t\t\t\t<div style=\"margin-bottom: 25px\" class=\"wpabstracts input-group\">\n\t\t\t\t\t\t<span class=\"input-group-addon\"><i class=\"glyphicon glyphicon-user\"><\/i><\/span>\n\t\t\t\t\t\t<input id=\"wpabstracts-username\" type=\"text\" class=\"wpabstracts form-control\" name=\"username\" value=\"\" placeholder=\"Usu\u00e1rio ou E-mail\">\n\t\t\t\t\t<\/div>\n\n\t\t\t\t\t<div style=\"margin-bottom: 25px\" class=\"wpabstracts input-group\">\n\t\t\t\t\t\t<span class=\"input-group-addon\"><i class=\"glyphicon glyphicon-lock\"><\/i><\/span>\n\t\t\t\t\t\t<input id=\"wpabstracts-password\" type=\"password\" class=\"wpabstracts form-control\" name=\"password\" placeholder=\"Senha\">\n\t\t\t\t\t<\/div>\n\n\t\t\t\t\t\n\t\t\t\t\t<div style=\"margin-top:10px\" class=\"wpabstracts form-group\">\n\t\t\t\t\t\t<div class=\"col-sm-12 controls\">\n\t\t\t\t\t\t\t<button id=\"wpabstracts-login\" class=\"btn btn-info btn-block\">Entrar <i class=\"fa fa-spinner fa-spin isloading\"><\/i><\/button>\n\t\t\t\t\t\t<\/div>\n\t\t\t\t\t<\/div>\n\n\t\t\t\t\t<div class=\"wpabstracts form-group\">\n\t\t\t\t\t\t<div class=\"wpabstracts col-xs-12\">\n\t\t\t\t\t\t\t<input type=\"checkbox\" id=\"wpabstracts-remember\" value=\"forever\"> Lembrar-me\t\t\t\t\t\t<\/div>\n\t\t\t\t\t<\/div>\n\n\t\t\t\t\t<div class=\"form-group\">\n\t\t\t\t\t\t<div class=\"col-md-12 control\">\n\t\t\t\t\t\t\t<div style=\"border-top: 1px solid #ccc; padding-top:15px; font-size:14px\">\n\t\t\t\t\t\t\t\t\t\t\t\t\t\t\t<\/div>\n\t\t\t\t\t\t<\/div>\n\t\t\t\t\t<\/div>\n\t\t\t\t<\/form>\n\t\t\t<\/div>\n\t\t<\/div>\n\t<\/div>\n<\/div>\n<script type=\"text\/javascript\">\n\njQuery( document ).ready(function() {\n    var rememberme = localStorage.getItem('wpa_remember');\n\tif(rememberme){\n\t\tvar rem = JSON.parse(rememberme);\n\t\tjQuery('#wpabstracts-remember').attr('checked', rem.remember);\n\t\tif(rem.remember){\n\t\t\tjQuery('#wpabstracts-username').val(rem.username);\n\t\t}\n\t}\n\n\tvar manageLoader = function(show){\n\t\tif(show){\n\t\t\tjQuery('#wpabstracts-login i').removeClass('isloading');\n\t\t}else {\n\t\t\tjQuery('#wpabstracts-login i').addClass('isloading');\n\t\t}\n\t};\n\n\tjQuery('#wpabstracts-login').on('click', function(e){\n\t\te.preventDefault();\n\t\tvar username = jQuery('#wpabstracts-username').val();\n\t\tvar password = jQuery('#wpabstracts-password').val();\n\t\tvar captcha = jQuery('#captcha_input').val();\n\t\tvar hash = jQuery('#captcha_hash').val();\n\t\tvar remember = jQuery('#wpabstracts-remember').is(':checked');\n\n\t\tif(!username || !password){\n\t\t\tjQuery('#wpabstracts-alert').text(wpabstracts.sign_in_msg).show();\n\t\t\treturn;\n\t\t}\n\n\t\tif(hash && !captcha) {\n\t\t\tjQuery('#wpabstracts-alert').text(wpabstracts.captcha_required).show();\n\t\t\treturn;\n\t\t}\n\n\t\tvar rememberMe = {'remember':remember, 'username':username};\n\t\tlocalStorage.setItem('wpa_remember', JSON.stringify(rememberMe));\n\n\t\tmanageLoader(true);\n\n\t\tvar ajax_data = {\n\t\t\taction: 'wpa_login',\n\t\t\tlog: username,\n\t\t\tpwd: password,\n\t\t\tcaptcha_input: captcha,\n\t\t\tcaptcha_hash: hash,\n\t\t\trememberme: remember\n\t\t};\n\n\t\tjQuery.ajax({\n\t\t\turl: wpabstracts.ajaxurl,\n\t\t\ttype: 'POST',\n\t\t\tdata: ajax_data,\n\t\t\tsuccess: function(data){\n\t\t\t\tvar response = JSON.parse(data);\n\t\t\t\tif(response.success){\n\t\t\t\t\tjQuery('#wpabstracts-alert')\n\t\t\t\t\t.removeClass('alert-danger')\n\t\t\t\t\t.addClass('alert-info')\n\t\t\t\t\t.text(response.message)\n\t\t\t\t\t.show();\n\t\t\t\t\twindow.location.href = response.redirect;\n\t\t\t\t}else{\n\t\t\t\t\tjQuery('#wpabstracts-alert').text(response.message).show();\n\t\t\t\t\tmanageLoader(false);\n\t\t\t\t}\n\t\t\t},\n\t\t\terror: function (xhr, status) {\n\t\t\t\tmanageLoader(false);\n\t\t\t\tconsole.log('Login Ajax Error: ', xhr);\n\t\t\t}\n\t\t});\n\t});\n});\n\n<\/script>\n<\/div>\n\t\t\t\t<\/div>\n\t\t\t\t<\/div>\n\t\t\t\t\t<\/div>\n\t\t\t\t<\/div>\n\t\t\t\t<\/div>\n\t\t","protected":false},"excerpt":{"rendered":"","protected":false},"author":1076,"featured_media":0,"parent":0,"menu_order":0,"comment_status":"closed","ping_status":"closed","template":"","meta":{"footnotes":""},"class_list":["post-4265","page","type-page","status-publish","hentry"],"_links":{"self":[{"href":"https:\/\/setec.ufmt.br\/eventos\/semiedu2024\/wp-json\/wp\/v2\/pages\/4265"}],"collection":[{"href":"https:\/\/setec.ufmt.br\/eventos\/semiedu2024\/wp-json\/wp\/v2\/pages"}],"about":[{"href":"https:\/\/setec.ufmt.br\/eventos\/semiedu2024\/wp-json\/wp\/v2\/types\/page"}],"author":[{"embeddable":true,"href":"https:\/\/setec.ufmt.br\/eventos\/semiedu2024\/wp-json\/wp\/v2\/users\/1076"}],"replies":[{"embeddable":true,"href":"https:\/\/setec.ufmt.br\/eventos\/semiedu2024\/wp-json\/wp\/v2\/comments?post=4265"}],"version-history":[{"count":4,"href":"https:\/\/setec.ufmt.br\/eventos\/semiedu2024\/wp-json\/wp\/v2\/pages\/4265\/revisions"}],"predecessor-version":[{"id":4269,"href":"https:\/\/setec.ufmt.br\/eventos\/semiedu2024\/wp-json\/wp\/v2\/pages\/4265\/revisions\/4269"}],"wp:attachment":[{"href":"https:\/\/setec.ufmt.br\/eventos\/semiedu2024\/wp-json\/wp\/v2\/media?parent=4265"}],"curies":[{"name":"wp","href":"https:\/\/api.w.org\/{rel}","templated":true}]}}