{"id":4092,"date":"2024-08-12T09:37:37","date_gmt":"2024-08-12T13:37:37","guid":{"rendered":"https:\/\/setec.ufmt.br\/eventos\/semiedu2024\/?page_id=4092"},"modified":"2024-08-12T09:47:01","modified_gmt":"2024-08-12T13:47:01","slug":"datas-importantes","status":"publish","type":"page","link":"https:\/\/setec.ufmt.br\/eventos\/semiedu2024\/datas-importantes\/","title":{"rendered":"Datas Importantes"},"content":{"rendered":"\t\t<div data-elementor-type=\"wp-page\" data-elementor-id=\"4092\" class=\"elementor elementor-4092\" data-elementor-post-type=\"page\">\n\t\t\t\t<div class=\"elementor-element elementor-element-09f340c e-flex e-con-boxed e-con e-parent\" data-id=\"09f340c\" data-element_type=\"container\">\n\t\t\t\t\t<div class=\"e-con-inner\">\n\t\t\t\t<div class=\"elementor-element elementor-element-397ffaa elementor-widget elementor-widget-shortcode\" data-id=\"397ffaa\" data-element_type=\"widget\" data-widget_type=\"shortcode.default\">\n\t\t\t\t<div class=\"elementor-widget-container\">\n\t\t\t\t\t<div class=\"elementor-shortcode\"><div id=\"footable_parent_4112\"\n         class=\" footable_parent ninja_table_wrapper loading_ninja_table wp_table_data_press_parent semantic_ui colored_table\">\n                <table data-ninja_table_instance=\"ninja_table_instance_0\" data-footable_id=\"4112\" data-filter-delay=\"1000\" aria-label=\"Datas Importantes\"            id=\"footable_4112\"\n           data-unique_identifier=\"ninja_table_unique_id_946241328_4112\"\n           class=\" foo-table ninja_footable foo_table_4112 ninja_table_unique_id_946241328_4112 ui table  nt_type_legacy_table selectable striped vertical_centered ninja_custom_color inverted footable-paging-right ninja_table_pro\">\n                <colgroup>\n                            <col class=\"ninja_column_0 hidden\">\n                            <col class=\"ninja_column_1 \">\n                            <col class=\"ninja_column_2 \">\n                    <\/colgroup>\n        <thead>\n<tr class=\"footable-header\">\n                                                        <th scope=\"col\"  class=\"ninja_column_0 ninja_clmn_nm_id hidden\">id<\/th><th scope=\"col\"  class=\"ninja_column_1 ninja_clmn_nm_evento \">Evento<\/th><th scope=\"col\"  class=\"ninja_column_2 ninja_clmn_nm_data \">Data<\/th><\/tr>\n<\/thead>\n<tbody>\n\n        <tr data-row_id=\"39\" class=\"ninja_table_row_0 nt_row_id_39\">\n            <td>1<\/td><td><strong>Per\u00edodo de inscri\u00e7\u00e3o Lote 1<\/strong><\/td><td>19 de agosto a 15 de setembro de 2024<\/td>        <\/tr>\n            <tr data-row_id=\"40\" class=\"ninja_table_row_1 nt_row_id_40\">\n            <td>2<\/td><td><strong>Per\u00edodo de inscri\u00e7\u00e3o Lote 2<\/strong><\/td><td>16 de setembro a 05 de novembro de 2024<\/td>        <\/tr>\n            <tr data-row_id=\"41\" class=\"ninja_table_row_2 nt_row_id_41\">\n            <td>3<\/td><td><strong>Per\u00edodo de submiss\u00e3o de trabalhos<\/strong><\/td><td><p data-pm-slice=\"1 1 []\">02 a 30 de setembro de 2024<\/p><\/td>        <\/tr>\n            <tr data-row_id=\"42\" class=\"ninja_table_row_3 nt_row_id_42\">\n            <td>5<\/td><td><strong>Avalia\u00e7\u00e3o dos trabalhos pelo Comit\u00ea Cient\u00edfico<\/strong><\/td><td>07 a 15 de outubro de 2024<\/td>        <\/tr>\n            <tr data-row_id=\"43\" class=\"ninja_table_row_4 nt_row_id_43\">\n            <td>6<\/td><td><strong>Divulga\u00e7\u00e3o do resultado dos trabalhos aprovados<\/strong><\/td><td>18 de outubro de 2024<\/td>        <\/tr>\n            <tr data-row_id=\"44\" class=\"ninja_table_row_5 nt_row_id_44\">\n            <td>7<\/td><td><strong>Divulga\u00e7\u00e3o do ensalamento<\/strong><\/td><td>05 de novembro de 2024<\/td>        <\/tr>\n            <tr data-row_id=\"45\" class=\"ninja_table_row_6 nt_row_id_45\">\n            <td>8<\/td><td><strong>Realiza\u00e7\u00e3o do evento<\/strong><\/td><td>11 a 13 de novembro de 2024<\/td>        <\/tr>\n            <tr data-row_id=\"50\" class=\"ninja_table_row_7 nt_row_id_50\">\n            <td>4<\/td><td><p data-pm-slice=\"1 1 []\"><strong>Prorroga\u00e7\u00e3o da data de submiss\u00e3o de trabalhos <\/strong><\/p><\/td><td><p data-pm-slice=\"1 1 []\">01 a 06 de outubro de 2024<\/p><\/td>        <\/tr>\n    <\/tbody><!--ninja_tobody_rendering_done-->\n    <\/table>\n                    <style type=\"text\/css\" id='ninja_table_custom_css_4112'>\n                        #footable_4112  {\n    font-family: inherit;\n    font-size: 18px;\n    }\n\n\n    #footable_4112 tbody tr td span.fooicon-plus:before {\n    background-color:  !important;\n    }\n    #footable_4112 tbody tr td span.fooicon-minus:before {\n    background-color:  !important;\n    }\n\n    #footable_4112 tbody tr:hover td span.fooicon-plus:before {\n    background-color:  !important;\n    }\n    #footable_4112 tbody tr:hover td span.fooicon-minus:before {\n    background-color:  !important;\n    }\n\n    #footable_4112 thead tr.footable-header th span::before {\n    background-color: rgba(255, 255, 255, 1) !important;\n    }\n    #footable_4112,\n    #footable_4112 table {\n    background-color:  !important;\n    color:  !important;\n    border-color:  !important;\n    }\n    #footable_4112 thead tr.footable-filtering th {\n    background-color:  !important;\n    color:  !important;\n    }\n    #footable_4112:not(.hide_all_borders) thead tr.footable-filtering th {\n            border : 1px solid transparent !important;\n        }\n    #footable_4112 .input-group-btn:last-child > .btn:not(:last-child):not(.dropdown-toggle) {\n    background-color:  !important;\n    color:  !important;\n    }\n    #footable_4112 tr.footable-header, #footable_4112 tr.footable-header th, .colored_table #footable_4112 table.ninja_table_pro.inverted.table.footable-details tbody tr th {\n    background-color: rgba(17, 57, 113, 1) !important;\n    color: rgba(255, 255, 255, 1) !important;\n    }\n    \n        #footable_4112 tbody tr:hover {\n    background-color: rgba(219, 97, 0, 1) !important;\n    color:  !important;\n    }\n    #footable_4112 tbody tr:hover td {\n    border-color:  !important;\n    }\n    \n    #footable_4112 tfoot .footable-paging {\n    background-color:  !important;\n    }\n    #footable_4112 tfoot .footable-paging .footable-page.active a {\n    background-color:  !important;\n    }\n    #footable_4112:not(.hide_all_borders) tfoot tr.footable-paging td {\n    border-color:  !important;\n    }\n    \n                <\/style>\n                \n    \n    \n<\/div>\n<\/div>\n\t\t\t\t<\/div>\n\t\t\t\t<\/div>\n\t\t\t\t\t<\/div>\n\t\t\t\t<\/div>\n\t\t\t\t<\/div>\n\t\t","protected":false},"excerpt":{"rendered":"","protected":false},"author":1076,"featured_media":0,"parent":0,"menu_order":0,"comment_status":"closed","ping_status":"closed","template":"","meta":{"footnotes":""},"class_list":["post-4092","page","type-page","status-publish","hentry"],"_links":{"self":[{"href":"https:\/\/setec.ufmt.br\/eventos\/semiedu2024\/wp-json\/wp\/v2\/pages\/4092"}],"collection":[{"href":"https:\/\/setec.ufmt.br\/eventos\/semiedu2024\/wp-json\/wp\/v2\/pages"}],"about":[{"href":"https:\/\/setec.ufmt.br\/eventos\/semiedu2024\/wp-json\/wp\/v2\/types\/page"}],"author":[{"embeddable":true,"href":"https:\/\/setec.ufmt.br\/eventos\/semiedu2024\/wp-json\/wp\/v2\/users\/1076"}],"replies":[{"embeddable":true,"href":"https:\/\/setec.ufmt.br\/eventos\/semiedu2024\/wp-json\/wp\/v2\/comments?post=4092"}],"version-history":[{"count":22,"href":"https:\/\/setec.ufmt.br\/eventos\/semiedu2024\/wp-json\/wp\/v2\/pages\/4092\/revisions"}],"predecessor-version":[{"id":4116,"href":"https:\/\/setec.ufmt.br\/eventos\/semiedu2024\/wp-json\/wp\/v2\/pages\/4092\/revisions\/4116"}],"wp:attachment":[{"href":"https:\/\/setec.ufmt.br\/eventos\/semiedu2024\/wp-json\/wp\/v2\/media?parent=4092"}],"curies":[{"name":"wp","href":"https:\/\/api.w.org\/{rel}","templated":true}]}}