{"id":1124,"date":"2023-08-08T09:37:41","date_gmt":"2023-08-08T13:37:41","guid":{"rendered":"https:\/\/setec.ufmt.br\/eventos\/semiedu\/?page_id=1124"},"modified":"2024-08-19T09:59:16","modified_gmt":"2024-08-19T13:59:16","slug":"templates-de-trabalhos","status":"publish","type":"page","link":"https:\/\/setec.ufmt.br\/eventos\/semiedu2024\/templates-de-trabalhos\/","title":{"rendered":"Templates de Trabalhos"},"content":{"rendered":"\t\t<div data-elementor-type=\"wp-page\" data-elementor-id=\"1124\" class=\"elementor elementor-1124\" data-elementor-post-type=\"page\">\n\t\t\t\t<div class=\"elementor-element elementor-element-aa64c55 e-flex e-con-boxed e-con e-parent\" data-id=\"aa64c55\" data-element_type=\"container\">\n\t\t\t\t\t<div class=\"e-con-inner\">\n\t\t\t\t<div class=\"elementor-element elementor-element-dfc753d elementor-position-left elementor-vertical-align-middle elementor-view-default elementor-mobile-position-top elementor-widget elementor-widget-icon-box\" data-id=\"dfc753d\" data-element_type=\"widget\" data-widget_type=\"icon-box.default\">\n\t\t\t\t<div class=\"elementor-widget-container\">\n\t\t\t<link rel=\"stylesheet\" href=\"https:\/\/setec.ufmt.br\/eventos\/semiedu2024\/wp-content\/plugins\/elementor\/assets\/css\/widget-icon-box.min.css\">\t\t<div class=\"elementor-icon-box-wrapper\">\n\n\t\t\t\t\t\t<div class=\"elementor-icon-box-icon\">\n\t\t\t\t<a href=\"https:\/\/setec.ufmt.br\/eventos\/semiedu2024\/normas-gerais-para-a-inscricao-com-submissao-de-trabalho\/\" target=\"_blank\" class=\"elementor-icon elementor-animation-\" tabindex=\"-1\">\n\t\t\t\t<i aria-hidden=\"true\" class=\"far fa-file-alt\"><\/i>\t\t\t\t<\/a>\n\t\t\t<\/div>\n\t\t\t\n\t\t\t\t\t\t<div class=\"elementor-icon-box-content\">\n\n\t\t\t\t\t\t\t\t\t<h4 class=\"elementor-icon-box-title\">\n\t\t\t\t\t\t<a href=\"https:\/\/setec.ufmt.br\/eventos\/semiedu2024\/normas-gerais-para-a-inscricao-com-submissao-de-trabalho\/\" target=\"_blank\" >\n\t\t\t\t\t\t\tAcesse as Normas de Submiss\u00e3o de Trabalho\t\t\t\t\t\t<\/a>\n\t\t\t\t\t<\/h4>\n\t\t\t\t\n\t\t\t\t\n\t\t\t<\/div>\n\t\t\t\n\t\t<\/div>\n\t\t\t\t<\/div>\n\t\t\t\t<\/div>\n\t\t\t\t<div class=\"elementor-element elementor-element-6a505c7 elementor-widget elementor-widget-spacer\" data-id=\"6a505c7\" data-element_type=\"widget\" data-widget_type=\"spacer.default\">\n\t\t\t\t<div class=\"elementor-widget-container\">\n\t\t\t<style>\/*! elementor - v3.23.0 - 05-08-2024 *\/\n.elementor-column .elementor-spacer-inner{height:var(--spacer-size)}.e-con{--container-widget-width:100%}.e-con-inner>.elementor-widget-spacer,.e-con>.elementor-widget-spacer{width:var(--container-widget-width,var(--spacer-size));--align-self:var(--container-widget-align-self,initial);--flex-shrink:0}.e-con-inner>.elementor-widget-spacer>.elementor-widget-container,.e-con>.elementor-widget-spacer>.elementor-widget-container{height:100%;width:100%}.e-con-inner>.elementor-widget-spacer>.elementor-widget-container>.elementor-spacer,.e-con>.elementor-widget-spacer>.elementor-widget-container>.elementor-spacer{height:100%}.e-con-inner>.elementor-widget-spacer>.elementor-widget-container>.elementor-spacer>.elementor-spacer-inner,.e-con>.elementor-widget-spacer>.elementor-widget-container>.elementor-spacer>.elementor-spacer-inner{height:var(--container-widget-height,var(--spacer-size))}.e-con-inner>.elementor-widget-spacer.elementor-widget-empty,.e-con>.elementor-widget-spacer.elementor-widget-empty{position:relative;min-height:22px;min-width:22px}.e-con-inner>.elementor-widget-spacer.elementor-widget-empty .elementor-widget-empty-icon,.e-con>.elementor-widget-spacer.elementor-widget-empty .elementor-widget-empty-icon{position:absolute;top:0;bottom:0;left:0;right:0;margin:auto;padding:0;width:22px;height:22px}<\/style>\t\t<div class=\"elementor-spacer\">\n\t\t\t<div class=\"elementor-spacer-inner\"><\/div>\n\t\t<\/div>\n\t\t\t\t<\/div>\n\t\t\t\t<\/div>\n\t\t\t\t\t<\/div>\n\t\t\t\t<\/div>\n\t\t<div class=\"elementor-element elementor-element-20cfe92 e-flex e-con-boxed e-con e-parent\" data-id=\"20cfe92\" data-element_type=\"container\">\n\t\t\t\t\t<div class=\"e-con-inner\">\n\t\t\t\t<div class=\"elementor-element elementor-element-d0672d1 elementor-widget elementor-widget-heading\" data-id=\"d0672d1\" data-element_type=\"widget\" data-widget_type=\"heading.default\">\n\t\t\t\t<div class=\"elementor-widget-container\">\n\t\t\t<style>\/*! elementor - v3.23.0 - 05-08-2024 *\/\n.elementor-heading-title{padding:0;margin:0;line-height:1}.elementor-widget-heading .elementor-heading-title[class*=elementor-size-]>a{color:inherit;font-size:inherit;line-height:inherit}.elementor-widget-heading .elementor-heading-title.elementor-size-small{font-size:15px}.elementor-widget-heading .elementor-heading-title.elementor-size-medium{font-size:19px}.elementor-widget-heading .elementor-heading-title.elementor-size-large{font-size:29px}.elementor-widget-heading .elementor-heading-title.elementor-size-xl{font-size:39px}.elementor-widget-heading .elementor-heading-title.elementor-size-xxl{font-size:59px}<\/style><h4 class=\"elementor-heading-title elementor-size-default\">ARQUIVOS DE TEMPLATE DO EVENTO<\/h4>\t\t<\/div>\n\t\t\t\t<\/div>\n\t\t\t\t\t<\/div>\n\t\t\t\t<\/div>\n\t\t<div class=\"elementor-element elementor-element-b754a14 e-flex e-con-boxed e-con e-parent\" data-id=\"b754a14\" data-element_type=\"container\">\n\t\t\t\t\t<div class=\"e-con-inner\">\n\t\t\t\t<div class=\"elementor-element elementor-element-f8464b6 elementor-widget elementor-widget-text-editor\" data-id=\"f8464b6\" data-element_type=\"widget\" data-widget_type=\"text-editor.default\">\n\t\t\t\t<div class=\"elementor-widget-container\">\n\t\t\t<style>\/*! elementor - v3.23.0 - 05-08-2024 *\/\n.elementor-widget-text-editor.elementor-drop-cap-view-stacked .elementor-drop-cap{background-color:#69727d;color:#fff}.elementor-widget-text-editor.elementor-drop-cap-view-framed .elementor-drop-cap{color:#69727d;border:3px solid;background-color:transparent}.elementor-widget-text-editor:not(.elementor-drop-cap-view-default) .elementor-drop-cap{margin-top:8px}.elementor-widget-text-editor:not(.elementor-drop-cap-view-default) .elementor-drop-cap-letter{width:1em;height:1em}.elementor-widget-text-editor .elementor-drop-cap{float:left;text-align:center;line-height:1;font-size:50px}.elementor-widget-text-editor .elementor-drop-cap-letter{display:inline-block}<\/style>\t\t\t\t<p><div id=\"footable_parent_3637\"\n         class=\" footable_parent ninja_table_wrapper loading_ninja_table wp_table_data_press_parent semantic_ui colored_table\">\n                <table data-ninja_table_instance=\"ninja_table_instance_0\" data-footable_id=\"3637\" data-filter-delay=\"1000\" aria-label=\"ARQUIVOS DE TEMPLATE DO EVENTO\"            id=\"footable_3637\"\n           data-unique_identifier=\"ninja_table_unique_id_614306521_3637\"\n           class=\" foo-table ninja_footable foo_table_3637 ninja_table_unique_id_614306521_3637 ui table  nt_type_legacy_table selectable striped vertical_centered ninja_custom_color inverted footable-paging-right ninja_table_search_disabled ninja_table_pro\">\n                <colgroup>\n                            <col class=\"ninja_column_0 \">\n                            <col class=\"ninja_column_1 \">\n                    <\/colgroup>\n        <thead>\n<tr class=\"footable-header\">\n                                        <th scope=\"col\"  class=\"ninja_column_0 ninja_clmn_nm_modalidade \">Modalidade<\/th><th scope=\"col\"  class=\"ninja_column_1 ninja_clmn_nm_arquivo \">Arquivo<\/th><\/tr>\n<\/thead>\n<tbody>\n\n        <tr data-row_id=\"29\" class=\"ninja_table_row_0 nt_row_id_29\">\n            <td>6- Modelo P\u00f4ster SEM IDENTIFICA\u00c7\u00c3O<\/td><td><a href=\"https:\/\/setec.ufmt.br\/eventos\/semiedu2024\/wp-content\/uploads\/2024\/07\/Modelo-Poster-NAO-IDENTIFICADO-SemiEdu-2024.docx\" target=\"_blank\" style=\"color: white; background-color: #DB6100; padding: 5px 10px; text-decoration: none; border-radius: 5px;\" onmouseover=\"this.style.backgroundColor='#A81917';\" onmouseout=\"this.style.backgroundColor='#DB6100';\" rel=\"noopener\">Download<\/a><\/td>        <\/tr>\n            <tr data-row_id=\"30\" class=\"ninja_table_row_1 nt_row_id_30\">\n            <td>3- Modelo Relato de Experi\u00eancia COM IDENTIFICA\u00c7\u00c3O<\/td><td><a href=\"https:\/\/setec.ufmt.br\/eventos\/semiedu2024\/wp-content\/uploads\/2024\/07\/Modelo-Relato-de-experiencia-COM-IDENTIFICACAO-SemiEdu-2024.docx\" target=\"_blank\" style=\"color: white; background-color: #DB6100; padding: 5px 10px; text-decoration: none; border-radius: 5px;\" onmouseover=\"this.style.backgroundColor='#A81917';\" onmouseout=\"this.style.backgroundColor='#DB6100';\" rel=\"noopener\">Download<\/a>\n<\/td>        <\/tr>\n            <tr data-row_id=\"48\" class=\"ninja_table_row_2 nt_row_id_48\">\n            <td>2- Modelo Trabalho Completo SEM IDENTIFICA\u00c7\u00c3O<\/td><td><a href=\"https:\/\/setec.ufmt.br\/eventos\/semiedu2024\/wp-content\/uploads\/2024\/09\/NOVO_Modelo-Trabalho-completo-SEM-IDENTIFICACAO-SemiEdu-2024.docx\" target=\"_blank\" style=\"color: white; background-color: #db6100; padding: 5px 10px; text-decoration: none; border-radius: 5px;\" onmouseover=\"this.style.backgroundColor='#A81917';\" onmouseout=\"this.style.backgroundColor='#DB6100';\" rel=\"noopener\">Download<\/a><\/td>        <\/tr>\n            <tr data-row_id=\"47\" class=\"ninja_table_row_3 nt_row_id_47\">\n            <td>1- Modelo Trabalho Completo COM IDENTIFICA\u00c7\u00c3O<\/td><td><a href=\"https:\/\/setec.ufmt.br\/eventos\/semiedu2024\/wp-content\/uploads\/2024\/09\/NOVO_Modelo-Trabalho-completo-COM-IDENTIFICACAO-SemiEdu-2024.docx\" target=\"_blank\" style=\"color: white; background-color: #db6100; padding: 5px 10px; text-decoration: none; border-radius: 5px;\" onmouseover=\"this.style.backgroundColor='#A81917';\" onmouseout=\"this.style.backgroundColor='#DB6100';\" rel=\"noopener\">Download<\/a><\/td>        <\/tr>\n            <tr data-row_id=\"31\" class=\"ninja_table_row_4 nt_row_id_31\">\n            <td>4- Modelo Relato de Experi\u00eancia SEM IDENTIFICA\u00c7\u00c3O<\/td><td><a href=\"https:\/\/setec.ufmt.br\/eventos\/semiedu2024\/wp-content\/uploads\/2024\/07\/Modelo-Relato-de-experiencia-NAO-IDENTIFICADO-SemiEdu-2024.docx\" target=\"_blank\" style=\"color: white; background-color: #DB6100; padding: 5px 10px; text-decoration: none; border-radius: 5px;\" onmouseover=\"this.style.backgroundColor='#A81917';\" onmouseout=\"this.style.backgroundColor='#DB6100';\" rel=\"noopener\">Download<\/a><\/td>        <\/tr>\n            <tr data-row_id=\"46\" class=\"ninja_table_row_5 nt_row_id_46\">\n            <td>9- Termo de Autoriza\u00e7\u00e3o de Publica\u00e7\u00e3o (TAP) * <\/td><td><a href=\"https:\/\/setec.ufmt.br\/eventos\/semiedu2024\/wp-content\/uploads\/2024\/08\/TAP-Portugues-editavel.pdf\" target=\"_blank\" style=\"color: white; background-color: #db6100; padding: 5px 10px; text-decoration: none; border-radius: 5px;\" onmouseover=\"this.style.backgroundColor='#A81917';\" onmouseout=\"this.style.backgroundColor='#DB6100';\" rel=\"noopener\">Download<\/a><br \/><br \/><strong>*Ao preencher o TAP, insira no campo \u201cVe\u00edculo\u201d: Semin\u00e1rio de Educa\u00e7\u00e3o \u2013 SemiEdu 2024.<\/strong><\/td>        <\/tr>\n            <tr data-row_id=\"34\" class=\"ninja_table_row_6 nt_row_id_34\">\n            <td>8- Template Comunicacao Oral<\/td><td><a href=\"https:\/\/setec.ufmt.br\/eventos\/semiedu2024\/wp-content\/uploads\/2024\/07\/Template-Comunicacao-oral-Semiedu-2024.pptx\" target=\"_blank\" style=\"color: white; background-color: #DB6100; padding: 5px 10px; text-decoration: none; border-radius: 5px;\" onmouseover=\"this.style.backgroundColor='#A81917';\" onmouseout=\"this.style.backgroundColor='#DB6100';\" rel=\"noopener\">Download<\/a>\n<\/td>        <\/tr>\n            <tr data-row_id=\"35\" class=\"ninja_table_row_7 nt_row_id_35\">\n            <td>7- Template para apresenta\u00e7\u00e3o do P\u00f4ster<\/td><td><a href=\"https:\/\/setec.ufmt.br\/eventos\/semiedu2024\/wp-content\/uploads\/2024\/07\/Template-para-apresentacao-do-Poster-SemiEdu-2024-1.pptx\" target=\"_blank\" style=\"color: white; background-color: #DB6100; padding: 5px 10px; text-decoration: none; border-radius: 5px;\" onmouseover=\"this.style.backgroundColor='#A81917';\" onmouseout=\"this.style.backgroundColor='#DB6100';\" rel=\"noopener\">Download<\/a>\n<\/td>        <\/tr>\n            <tr data-row_id=\"36\" class=\"ninja_table_row_8 nt_row_id_36\">\n            <td>5- Modelo P\u00f4ster COM IDENTIFICA\u00c7\u00c3O<\/td><td><a href=\"https:\/\/setec.ufmt.br\/eventos\/semiedu2024\/wp-content\/uploads\/2024\/07\/Modelo-Poster-COM-INDENTIFICACAO-SemiEdu-2024.docx\" target=\"_blank\" style=\"color: white; background-color: #DB6100; padding: 5px 10px; text-decoration: none; border-radius: 5px;\" onmouseover=\"this.style.backgroundColor='#A81917';\" onmouseout=\"this.style.backgroundColor='#DB6100';\" rel=\"noopener\">Download<\/a>\n<\/td>        <\/tr>\n    <\/tbody><!--ninja_tobody_rendering_done-->\n    <\/table>\n                    <style type=\"text\/css\" id='ninja_table_custom_css_3637'>\n                        #footable_3637  {\n    font-family: inherit;\n    font-size: 14px;\n    }\n\n\n    #footable_3637 tbody tr td span.fooicon-plus:before {\n    background-color:  !important;\n    }\n    #footable_3637 tbody tr td span.fooicon-minus:before {\n    background-color:  !important;\n    }\n\n    #footable_3637 tbody tr:hover td span.fooicon-plus:before {\n    background-color: rgba(255, 255, 255, 1) !important;\n    }\n    #footable_3637 tbody tr:hover td span.fooicon-minus:before {\n    background-color: rgba(255, 255, 255, 1) !important;\n    }\n\n    #footable_3637 thead tr.footable-header th span::before {\n    background-color: rgba(255, 255, 255, 1) !important;\n    }\n    #footable_3637,\n    #footable_3637 table {\n    background-color:  !important;\n    color:  !important;\n    border-color: rgba(175, 190, 205, 1) !important;\n    }\n    #footable_3637 thead tr.footable-filtering th {\n    background-color:  !important;\n    color:  !important;\n    }\n    #footable_3637:not(.hide_all_borders) thead tr.footable-filtering th {\n            border : 1px solid transparent !important;\n        }\n    #footable_3637 .input-group-btn:last-child > .btn:not(:last-child):not(.dropdown-toggle) {\n    background-color:  !important;\n    color:  !important;\n    }\n    #footable_3637 tr.footable-header, #footable_3637 tr.footable-header th, .colored_table #footable_3637 table.ninja_table_pro.inverted.table.footable-details tbody tr th {\n    background-color: rgba(17, 57, 113, 1) !important;\n    color: rgba(255, 255, 255, 1) !important;\n    }\n    \n            #footable_3637:not(.hide_all_borders) tbody tr td {\n        border-color: rgba(175, 190, 205, 1) !important;\n        }\n        #footable_3637 tbody tr:hover {\n    background-color: rgba(219, 97, 0, 1) !important;\n    color: rgba(255, 255, 255, 1) !important;\n    }\n    #footable_3637 tbody tr:hover td {\n    border-color:  !important;\n    }\n    \n    #footable_3637 tfoot .footable-paging {\n    background-color:  !important;\n    }\n    #footable_3637 tfoot .footable-paging .footable-page.active a {\n    background-color:  !important;\n    }\n    #footable_3637:not(.hide_all_borders) tfoot tr.footable-paging td {\n    border-color:  !important;\n    }\n    \n                <\/style>\n                \n    \n    \n<\/div>\n<\/p>\t\t\t\t\t\t<\/div>\n\t\t\t\t<\/div>\n\t\t\t\t\t<\/div>\n\t\t\t\t<\/div>\n\t\t\t\t<\/div>\n\t\t","protected":false},"excerpt":{"rendered":"<p>Acesse as Normas de Submiss\u00e3o de Trabalho ARQUIVOS DE TEMPLATE DO EVENTO<\/p>\n","protected":false},"author":1076,"featured_media":0,"parent":0,"menu_order":0,"comment_status":"closed","ping_status":"closed","template":"","meta":{"footnotes":""},"class_list":["post-1124","page","type-page","status-publish","hentry"],"_links":{"self":[{"href":"https:\/\/setec.ufmt.br\/eventos\/semiedu2024\/wp-json\/wp\/v2\/pages\/1124"}],"collection":[{"href":"https:\/\/setec.ufmt.br\/eventos\/semiedu2024\/wp-json\/wp\/v2\/pages"}],"about":[{"href":"https:\/\/setec.ufmt.br\/eventos\/semiedu2024\/wp-json\/wp\/v2\/types\/page"}],"author":[{"embeddable":true,"href":"https:\/\/setec.ufmt.br\/eventos\/semiedu2024\/wp-json\/wp\/v2\/users\/1076"}],"replies":[{"embeddable":true,"href":"https:\/\/setec.ufmt.br\/eventos\/semiedu2024\/wp-json\/wp\/v2\/comments?post=1124"}],"version-history":[{"count":160,"href":"https:\/\/setec.ufmt.br\/eventos\/semiedu2024\/wp-json\/wp\/v2\/pages\/1124\/revisions"}],"predecessor-version":[{"id":4206,"href":"https:\/\/setec.ufmt.br\/eventos\/semiedu2024\/wp-json\/wp\/v2\/pages\/1124\/revisions\/4206"}],"wp:attachment":[{"href":"https:\/\/setec.ufmt.br\/eventos\/semiedu2024\/wp-json\/wp\/v2\/media?parent=1124"}],"curies":[{"name":"wp","href":"https:\/\/api.w.org\/{rel}","templated":true}]}}