{"id":3428,"date":"2024-02-01T20:16:26","date_gmt":"2024-02-02T00:16:26","guid":{"rendered":"https:\/\/setec.ufmt.br\/eventos\/semiedu\/?page_id=3428"},"modified":"2024-02-01T22:36:19","modified_gmt":"2024-02-02T02:36:19","slug":"painel-de-controle-anais","status":"publish","type":"page","link":"https:\/\/setec.ufmt.br\/eventos\/semiedu2023\/painel-de-controle-anais\/","title":{"rendered":"PAINEL DE CONTROLE (PUBLICA\u00c7\u00c3O ANAIS)"},"content":{"rendered":"<div class=\"mp_wrapper\">\n  <div class=\"mepr-unauthorized-message\">\n    <p>Caso n\u00e3o consiga acessar, entre em contato com a Comiss\u00e3o Organizadora do SemiEdu 2023.<\/p>\n<p><strong>Telefone: (65) 3615-8429 - WhatsApp<br \/>\nEmail: <a href=\"mailto:semiedu.ie@ufmt.br\">semiedu.ie@ufmt.br<\/a><\/strong><\/p>\n  <\/div>\n  <div class=\"mepr-login-form-wrap\">\n      \n<div class=\"mp_wrapper mp_login_form\">\n          <!-- mp-login-form-start -->     <form name=\"mepr_loginform\" id=\"mepr_loginform\" class=\"mepr-form\" action=\"https:\/\/setec.ufmt.br\/eventos\/semiedu2023\/acessar\/\" method=\"post\">\n            <div class=\"mp-form-row mepr_username\">\n        <div class=\"mp-form-label\">\n                              <label for=\"user_login\">Usu\u00e1rio ou e-mail<\/label>\n                  <\/div>\n        <input type=\"text\" name=\"log\" id=\"user_login\" value=\"\" \/>\n      <\/div>\n      <div class=\"mp-form-row mepr_password\">\n        <div class=\"mp-form-label\">\n          <label for=\"user_pass\">Senha<\/label>\n                    <div class=\"mp-hide-pw\">\n            <input type=\"password\" name=\"pwd\" id=\"user_pass\" value=\"\" \/>\n            <button type=\"button\" class=\"button mp-hide-pw hide-if-no-js\" data-toggle=\"0\" aria-label=\"Mostrar Senha\">\n              <span class=\"dashicons dashicons-visibility\" aria-hidden=\"true\"><\/span>\n            <\/button>\n          <\/div>\n        <\/div>\n      <\/div>\n          <div class=\"mp-form-row mepr_math_captcha\">\n      <div class=\"mp-form-label\">\n        <label for=\"meprmath_quiz\"><span id=\"meprmath_captcha-69dc032779c0d\"><\/span>*<\/label>\n      <\/div>\n      <input type=\"text\" name=\"meprmath_quiz\" id=\"meprmath_quiz\" value=\"\" class=\"mepr-form-input\" \/>\n      <input type=\"hidden\" name=\"meprmath_data\" value=\"OGIzNzZmYjIzMTIxYWY5ZjlmODIxYTUxMGE4MTk0MzA=\" \/>\n      <script>\n        function mepr_base64_decode(encodedData) {\n          var decodeUTF8string = function(str) {\n            \/\/ Going backwards: from bytestream, to percent-encoding, to original string.\n            return decodeURIComponent(str.split('').map(function(c) {\n              return '%' + ('00' + c.charCodeAt(0).toString(16)).slice(-2)\n            }).join(''))\n          }\n          if (typeof window !== 'undefined') {\n            if (typeof window.atob !== 'undefined') {\n              return decodeUTF8string(window.atob(encodedData))\n            }\n          } else {\n            return new Buffer(encodedData, 'base64').toString('utf-8')\n          }\n          var b64 = 'ABCDEFGHIJKLMNOPQRSTUVWXYZabcdefghijklmnopqrstuvwxyz0123456789+\/='\n          var o1\n          var o2\n          var o3\n          var h1\n          var h2\n          var h3\n          var h4\n          var bits\n          var i = 0\n          var ac = 0\n          var dec = ''\n          var tmpArr = []\n          if (!encodedData) {\n            return encodedData\n          }\n          encodedData += ''\n          do {\n            \/\/ unpack four hexets into three octets using index points in b64\n            h1 = b64.indexOf(encodedData.charAt(i++))\n            h2 = b64.indexOf(encodedData.charAt(i++))\n            h3 = b64.indexOf(encodedData.charAt(i++))\n            h4 = b64.indexOf(encodedData.charAt(i++))\n            bits = h1 << 18 | h2 << 12 | h3 << 6 | h4\n            o1 = bits >> 16 & 0xff\n            o2 = bits >> 8 & 0xff\n            o3 = bits & 0xff\n            if (h3 === 64) {\n              tmpArr[ac++] = String.fromCharCode(o1)\n            } else if (h4 === 64) {\n              tmpArr[ac++] = String.fromCharCode(o1, o2)\n            } else {\n              tmpArr[ac++] = String.fromCharCode(o1, o2, o3)\n            }\n          } while (i < encodedData.length)\n          dec = tmpArr.join('')\n          return decodeUTF8string(dec.replace(\/\\0+$\/, ''))\n        }\n\n        jQuery(document).ready(function() {\n          document.getElementById(\"meprmath_captcha-69dc032779c0d\").innerHTML=mepr_base64_decode(\"NiArIDQgw6kgaWd1YWwgYT8=\");\n        });\n      <\/script>\n    <\/div>\n          <div>\n        <label><input name=\"rememberme\" type=\"checkbox\" id=\"rememberme\" value=\"forever\" \/> Lembrar-me<\/label>\n      <\/div>\n      <div class=\"mp-spacer\">&nbsp;<\/div>\n      <div class=\"submit\">\n        <input type=\"submit\" name=\"wp-submit\" id=\"wp-submit\" class=\"button-primary mepr-share-button \" value=\"Entrar\" \/>\n        <input type=\"hidden\" name=\"redirect_to\" value=\"\/eventos\/semiedu2023\/wp-json\/wp\/v2\/pages\/3428\" \/>\n        <input type=\"hidden\" name=\"mepr_process_login_form\" value=\"true\" \/>\n        <input type=\"hidden\" name=\"mepr_is_login_page\" value=\"false\" \/>\n      <\/div>\n    <\/form>\n    <div class=\"mp-spacer\">&nbsp;<\/div>\n    <div class=\"mepr-login-actions\">\n      <a href=\"https:\/\/setec.ufmt.br\/eventos\/semiedu2023\/acessar\/?action=forgot_password\">Esqueci a Senha<\/a>\n    <\/div>\n    <!-- mp-login-form-end --> \n  <\/div>\n    <\/div>\n<\/div>\n\n","protected":false},"excerpt":{"rendered":"<p>Caso n\u00e3o consiga acessar, entre em contato com a Comiss\u00e3o Organizadora do SemiEdu 2023. Telefone: (65) 3615-8429 &#8211; WhatsApp Email: semiedu.ie@ufmt.br<\/p>\n","protected":false},"author":1,"featured_media":0,"parent":0,"menu_order":0,"comment_status":"closed","ping_status":"closed","template":"","meta":{"footnotes":""},"yoast_head":"<!-- This site is optimized with the Yoast SEO plugin v21.4 - https:\/\/yoast.com\/wordpress\/plugins\/seo\/ -->\n<title>PAINEL DE CONTROLE (PUBLICA\u00c7\u00c3O ANAIS) - SemiEdu 2023<\/title>\n<meta name=\"robots\" content=\"index, follow, max-snippet:-1, max-image-preview:large, max-video-preview:-1\" \/>\n<link rel=\"canonical\" href=\"https:\/\/setec.ufmt.br\/eventos\/semiedu2023\/painel-de-controle-anais\/\" \/>\n<meta property=\"og:locale\" content=\"pt_BR\" \/>\n<meta property=\"og:type\" content=\"article\" \/>\n<meta property=\"og:title\" content=\"PAINEL DE CONTROLE (PUBLICA\u00c7\u00c3O ANAIS) - SemiEdu 2023\" \/>\n<meta property=\"og:description\" content=\"Caso n\u00e3o consiga acessar, entre em contato com a Comiss\u00e3o Organizadora do SemiEdu 2023. Telefone: (65) 3615-8429 - WhatsApp Email: semiedu.ie@ufmt.br\" \/>\n<meta property=\"og:url\" content=\"https:\/\/setec.ufmt.br\/eventos\/semiedu2023\/painel-de-controle-anais\/\" \/>\n<meta property=\"og:site_name\" content=\"SemiEdu 2023\" \/>\n<meta property=\"article:publisher\" content=\"https:\/\/www.facebook.com\/people\/SemiEdu-Seminrio-de-Educao-PPGE\/100083258955178\/?mibextid=9R9pXO\" \/>\n<meta property=\"article:modified_time\" content=\"2024-02-02T02:36:19+00:00\" \/>\n<meta name=\"twitter:card\" content=\"summary_large_image\" \/>\n<meta name=\"twitter:label1\" content=\"Est. tempo de leitura\" \/>\n\t<meta name=\"twitter:data1\" content=\"2 minutos\" \/>\n<script type=\"application\/ld+json\" class=\"yoast-schema-graph\">{\"@context\":\"https:\/\/schema.org\",\"@graph\":[{\"@type\":\"WebPage\",\"@id\":\"https:\/\/setec.ufmt.br\/eventos\/semiedu2023\/painel-de-controle-anais\/\",\"url\":\"https:\/\/setec.ufmt.br\/eventos\/semiedu2023\/painel-de-controle-anais\/\",\"name\":\"PAINEL DE CONTROLE (PUBLICA\u00c7\u00c3O ANAIS) - SemiEdu 2023\",\"isPartOf\":{\"@id\":\"https:\/\/setec.ufmt.br\/eventos\/semiedu2023\/#website\"},\"datePublished\":\"2024-02-02T00:16:26+00:00\",\"dateModified\":\"2024-02-02T02:36:19+00:00\",\"breadcrumb\":{\"@id\":\"https:\/\/setec.ufmt.br\/eventos\/semiedu2023\/painel-de-controle-anais\/#breadcrumb\"},\"inLanguage\":\"pt-BR\",\"potentialAction\":[{\"@type\":\"ReadAction\",\"target\":[\"https:\/\/setec.ufmt.br\/eventos\/semiedu2023\/painel-de-controle-anais\/\"]}]},{\"@type\":\"BreadcrumbList\",\"@id\":\"https:\/\/setec.ufmt.br\/eventos\/semiedu2023\/painel-de-controle-anais\/#breadcrumb\",\"itemListElement\":[{\"@type\":\"ListItem\",\"position\":1,\"name\":\"In\u00edcio\",\"item\":\"https:\/\/setec.ufmt.br\/eventos\/semiedu2023\/\"},{\"@type\":\"ListItem\",\"position\":2,\"name\":\"PAINEL DE CONTROLE (PUBLICA\u00c7\u00c3O ANAIS)\"}]},{\"@type\":\"WebSite\",\"@id\":\"https:\/\/setec.ufmt.br\/eventos\/semiedu2023\/#website\",\"url\":\"https:\/\/setec.ufmt.br\/eventos\/semiedu2023\/\",\"name\":\"Semin\u00e1rio de Educa\u00e7\u00e3o 2023 - UFMT\",\"description\":\"Semin\u00e1rio de Educa\u00e7\u00e3o\",\"publisher\":{\"@id\":\"https:\/\/setec.ufmt.br\/eventos\/semiedu2023\/#organization\"},\"potentialAction\":[{\"@type\":\"SearchAction\",\"target\":{\"@type\":\"EntryPoint\",\"urlTemplate\":\"https:\/\/setec.ufmt.br\/eventos\/semiedu2023\/?s={search_term_string}\"},\"query-input\":\"required name=search_term_string\"}],\"inLanguage\":\"pt-BR\"},{\"@type\":\"Organization\",\"@id\":\"https:\/\/setec.ufmt.br\/eventos\/semiedu2023\/#organization\",\"name\":\"SemiEdu 2023\",\"url\":\"https:\/\/setec.ufmt.br\/eventos\/semiedu2023\/\",\"logo\":{\"@type\":\"ImageObject\",\"inLanguage\":\"pt-BR\",\"@id\":\"https:\/\/setec.ufmt.br\/eventos\/semiedu2023\/#\/schema\/logo\/image\/\",\"url\":\"https:\/\/setec.ufmt.br\/eventos\/semiedu2023\/wp-content\/uploads\/2023\/07\/SemiEdu2023_vs-01-apv_RGB_logo-transparente.png\",\"contentUrl\":\"https:\/\/setec.ufmt.br\/eventos\/semiedu2023\/wp-content\/uploads\/2023\/07\/SemiEdu2023_vs-01-apv_RGB_logo-transparente.png\",\"width\":1920,\"height\":1080,\"caption\":\"SemiEdu 2023\"},\"image\":{\"@id\":\"https:\/\/setec.ufmt.br\/eventos\/semiedu2023\/#\/schema\/logo\/image\/\"},\"sameAs\":[\"https:\/\/www.facebook.com\/people\/SemiEdu-Seminrio-de-Educao-PPGE\/100083258955178\/?mibextid=9R9pXO\",\"https:\/\/www.instagram.com\/semieduppge\/\"]}]}<\/script>\n<!-- \/ Yoast SEO plugin. -->","yoast_head_json":{"title":"PAINEL DE CONTROLE (PUBLICA\u00c7\u00c3O ANAIS) - SemiEdu 2023","robots":{"index":"index","follow":"follow","max-snippet":"max-snippet:-1","max-image-preview":"max-image-preview:large","max-video-preview":"max-video-preview:-1"},"canonical":"https:\/\/setec.ufmt.br\/eventos\/semiedu2023\/painel-de-controle-anais\/","og_locale":"pt_BR","og_type":"article","og_title":"PAINEL DE CONTROLE (PUBLICA\u00c7\u00c3O ANAIS) - SemiEdu 2023","og_description":"Caso n\u00e3o consiga acessar, entre em contato com a Comiss\u00e3o Organizadora do SemiEdu 2023. Telefone: (65) 3615-8429 - WhatsApp Email: semiedu.ie@ufmt.br","og_url":"https:\/\/setec.ufmt.br\/eventos\/semiedu2023\/painel-de-controle-anais\/","og_site_name":"SemiEdu 2023","article_publisher":"https:\/\/www.facebook.com\/people\/SemiEdu-Seminrio-de-Educao-PPGE\/100083258955178\/?mibextid=9R9pXO","article_modified_time":"2024-02-02T02:36:19+00:00","twitter_card":"summary_large_image","twitter_misc":{"Est. tempo de leitura":"2 minutos"},"schema":{"@context":"https:\/\/schema.org","@graph":[{"@type":"WebPage","@id":"https:\/\/setec.ufmt.br\/eventos\/semiedu2023\/painel-de-controle-anais\/","url":"https:\/\/setec.ufmt.br\/eventos\/semiedu2023\/painel-de-controle-anais\/","name":"PAINEL DE CONTROLE (PUBLICA\u00c7\u00c3O ANAIS) - SemiEdu 2023","isPartOf":{"@id":"https:\/\/setec.ufmt.br\/eventos\/semiedu2023\/#website"},"datePublished":"2024-02-02T00:16:26+00:00","dateModified":"2024-02-02T02:36:19+00:00","breadcrumb":{"@id":"https:\/\/setec.ufmt.br\/eventos\/semiedu2023\/painel-de-controle-anais\/#breadcrumb"},"inLanguage":"pt-BR","potentialAction":[{"@type":"ReadAction","target":["https:\/\/setec.ufmt.br\/eventos\/semiedu2023\/painel-de-controle-anais\/"]}]},{"@type":"BreadcrumbList","@id":"https:\/\/setec.ufmt.br\/eventos\/semiedu2023\/painel-de-controle-anais\/#breadcrumb","itemListElement":[{"@type":"ListItem","position":1,"name":"In\u00edcio","item":"https:\/\/setec.ufmt.br\/eventos\/semiedu2023\/"},{"@type":"ListItem","position":2,"name":"PAINEL DE CONTROLE (PUBLICA\u00c7\u00c3O ANAIS)"}]},{"@type":"WebSite","@id":"https:\/\/setec.ufmt.br\/eventos\/semiedu2023\/#website","url":"https:\/\/setec.ufmt.br\/eventos\/semiedu2023\/","name":"Semin\u00e1rio de Educa\u00e7\u00e3o 2023 - UFMT","description":"Semin\u00e1rio de Educa\u00e7\u00e3o","publisher":{"@id":"https:\/\/setec.ufmt.br\/eventos\/semiedu2023\/#organization"},"potentialAction":[{"@type":"SearchAction","target":{"@type":"EntryPoint","urlTemplate":"https:\/\/setec.ufmt.br\/eventos\/semiedu2023\/?s={search_term_string}"},"query-input":"required name=search_term_string"}],"inLanguage":"pt-BR"},{"@type":"Organization","@id":"https:\/\/setec.ufmt.br\/eventos\/semiedu2023\/#organization","name":"SemiEdu 2023","url":"https:\/\/setec.ufmt.br\/eventos\/semiedu2023\/","logo":{"@type":"ImageObject","inLanguage":"pt-BR","@id":"https:\/\/setec.ufmt.br\/eventos\/semiedu2023\/#\/schema\/logo\/image\/","url":"https:\/\/setec.ufmt.br\/eventos\/semiedu2023\/wp-content\/uploads\/2023\/07\/SemiEdu2023_vs-01-apv_RGB_logo-transparente.png","contentUrl":"https:\/\/setec.ufmt.br\/eventos\/semiedu2023\/wp-content\/uploads\/2023\/07\/SemiEdu2023_vs-01-apv_RGB_logo-transparente.png","width":1920,"height":1080,"caption":"SemiEdu 2023"},"image":{"@id":"https:\/\/setec.ufmt.br\/eventos\/semiedu2023\/#\/schema\/logo\/image\/"},"sameAs":["https:\/\/www.facebook.com\/people\/SemiEdu-Seminrio-de-Educao-PPGE\/100083258955178\/?mibextid=9R9pXO","https:\/\/www.instagram.com\/semieduppge\/"]}]}},"jetpack_sharing_enabled":true,"_links":{"self":[{"href":"https:\/\/setec.ufmt.br\/eventos\/semiedu2023\/wp-json\/wp\/v2\/pages\/3428"}],"collection":[{"href":"https:\/\/setec.ufmt.br\/eventos\/semiedu2023\/wp-json\/wp\/v2\/pages"}],"about":[{"href":"https:\/\/setec.ufmt.br\/eventos\/semiedu2023\/wp-json\/wp\/v2\/types\/page"}],"author":[{"embeddable":true,"href":"https:\/\/setec.ufmt.br\/eventos\/semiedu2023\/wp-json\/wp\/v2\/users\/1"}],"replies":[{"embeddable":true,"href":"https:\/\/setec.ufmt.br\/eventos\/semiedu2023\/wp-json\/wp\/v2\/comments?post=3428"}],"version-history":[{"count":19,"href":"https:\/\/setec.ufmt.br\/eventos\/semiedu2023\/wp-json\/wp\/v2\/pages\/3428\/revisions"}],"predecessor-version":[{"id":3450,"href":"https:\/\/setec.ufmt.br\/eventos\/semiedu2023\/wp-json\/wp\/v2\/pages\/3428\/revisions\/3450"}],"wp:attachment":[{"href":"https:\/\/setec.ufmt.br\/eventos\/semiedu2023\/wp-json\/wp\/v2\/media?parent=3428"}],"curies":[{"name":"wp","href":"https:\/\/api.w.org\/{rel}","templated":true}]}}