{"id":2780,"date":"2023-11-14T10:19:49","date_gmt":"2023-11-14T14:19:49","guid":{"rendered":"https:\/\/setec.ufmt.br\/eventos\/semiedu\/?page_id=2780"},"modified":"2023-11-16T15:00:26","modified_gmt":"2023-11-16T19:00:26","slug":"forum-mt-educacao-infantil","status":"publish","type":"page","link":"https:\/\/setec.ufmt.br\/eventos\/semiedu2023\/forum-mt-educacao-infantil\/","title":{"rendered":"F\u00d3RUM MATOGROSSENSE DE EDUCA\u00c7\u00c3O INFANTIL E DE ALFABETIZA\u00c7\u00c3O"},"content":{"rendered":"\t\t<div data-elementor-type=\"wp-page\" data-elementor-id=\"2780\" class=\"elementor elementor-2780\" data-elementor-post-type=\"page\">\n\t\t\t\t\t\t\t<div class=\"elementor-element elementor-element-f1a6e6d e-flex e-con-boxed e-con e-parent\" data-id=\"f1a6e6d\" data-element_type=\"container\" data-settings=\"{&quot;content_width&quot;:&quot;boxed&quot;}\" data-core-v316-plus=\"true\">\n\t\t\t\t\t<div class=\"e-con-inner\">\n\t\t\t\t<div class=\"elementor-element elementor-element-6fe0116 elementor-widget elementor-widget-heading\" data-id=\"6fe0116\" data-element_type=\"widget\" data-widget_type=\"heading.default\">\n\t\t\t\t<div class=\"elementor-widget-container\">\n\t\t\t<style>\/*! elementor - v3.16.0 - 17-10-2023 *\/\n.elementor-heading-title{padding:0;margin:0;line-height:1}.elementor-widget-heading .elementor-heading-title[class*=elementor-size-]>a{color:inherit;font-size:inherit;line-height:inherit}.elementor-widget-heading .elementor-heading-title.elementor-size-small{font-size:15px}.elementor-widget-heading .elementor-heading-title.elementor-size-medium{font-size:19px}.elementor-widget-heading .elementor-heading-title.elementor-size-large{font-size:29px}.elementor-widget-heading .elementor-heading-title.elementor-size-xl{font-size:39px}.elementor-widget-heading .elementor-heading-title.elementor-size-xxl{font-size:59px}<\/style><h4 class=\"elementor-heading-title elementor-size-default\">F\u00d3RUM MATOGROSSENSE DE EDUCA\u00c7\u00c3O INFANTIL E DE ALFABETIZA\u00c7\u00c3O<\/h4>\t\t<\/div>\n\t\t\t\t<\/div>\n\t\t\t\t<div class=\"elementor-element elementor-element-25c1bc4 elementor-widget elementor-widget-text-editor\" data-id=\"25c1bc4\" data-element_type=\"widget\" data-widget_type=\"text-editor.default\">\n\t\t\t\t<div class=\"elementor-widget-container\">\n\t\t\t<style>\/*! elementor - v3.16.0 - 17-10-2023 *\/\n.elementor-widget-text-editor.elementor-drop-cap-view-stacked .elementor-drop-cap{background-color:#69727d;color:#fff}.elementor-widget-text-editor.elementor-drop-cap-view-framed .elementor-drop-cap{color:#69727d;border:3px solid;background-color:transparent}.elementor-widget-text-editor:not(.elementor-drop-cap-view-default) .elementor-drop-cap{margin-top:8px}.elementor-widget-text-editor:not(.elementor-drop-cap-view-default) .elementor-drop-cap-letter{width:1em;height:1em}.elementor-widget-text-editor .elementor-drop-cap{float:left;text-align:center;line-height:1;font-size:50px}.elementor-widget-text-editor .elementor-drop-cap-letter{display:inline-block}<\/style>\t\t\t\t<p style=\"text-align: right;\">A maior riqueza do homem<br \/>\u00e9 a sua incompletude.<br \/>Nesse ponto sou abastado.<br \/>Palavras que me aceitam como sou &#8211; eu n\u00e3o aceito.<\/p><p style=\"text-align: right;\">N\u00e3o aguento ser apenas um sujeito que abre portas,<br \/>que puxa v\u00e1lvulas, que olha o rel\u00f3gio,<br \/>que compra p\u00e3o \u00e0s 6 horas da tarde,<br \/>que vai l\u00e1 fora, que aponta l\u00e1pis,<br \/>que v\u00ea a uva etc. etc.<\/p><p style=\"text-align: right;\">Perdoai<br \/>Mas eu preciso ser Outros.<br \/>Eu penso renovar o homem usando borboletas. <strong>(Manoel de Barros)<\/strong><\/p>\t\t\t\t\t\t<\/div>\n\t\t\t\t<\/div>\n\t\t\t\t\t<\/div>\n\t\t\t\t<\/div>\n\t\t<div class=\"elementor-element elementor-element-a5bf9e3 e-flex e-con-boxed e-con e-parent\" data-id=\"a5bf9e3\" data-element_type=\"container\" data-settings=\"{&quot;content_width&quot;:&quot;boxed&quot;}\" data-core-v316-plus=\"true\">\n\t\t\t\t\t<div class=\"e-con-inner\">\n\t\t\t\t<div class=\"elementor-element elementor-element-6e46f02 elementor-widget elementor-widget-heading\" data-id=\"6e46f02\" data-element_type=\"widget\" data-widget_type=\"heading.default\">\n\t\t\t\t<div class=\"elementor-widget-container\">\n\t\t\t<h4 class=\"elementor-heading-title elementor-size-default\">CONVITE<\/h4>\t\t<\/div>\n\t\t\t\t<\/div>\n\t\t\t\t<div class=\"elementor-element elementor-element-0cbdc0b elementor-widget elementor-widget-text-editor\" data-id=\"0cbdc0b\" data-element_type=\"widget\" data-widget_type=\"text-editor.default\">\n\t\t\t\t<div class=\"elementor-widget-container\">\n\t\t\t\t\t\t\t<p>Com alegria, convidamos para o encontro<strong> entre os F\u00f3runs de Alfabetiza\u00e7\u00e3o e de Educa\u00e7\u00e3o Infantil do Estado de Mato Grosso<\/strong>, com uma programa\u00e7\u00e3o no Semin\u00e1rio de Educa\u00e7\u00e3o da UFMT, <strong>o SEMIEDU\/2023<\/strong>!<\/p><p>Vamos dialogar a respeito da <strong>Leitura e da Escrita na Educa\u00e7\u00e3o Infantil de Mato Grosso como um compromisso de todas as pessoas<\/strong>, a partir das seguintes quest\u00f5es:<\/p><ul><li>Qual \u00e9 a fun\u00e7\u00e3o da Educa\u00e7\u00e3o Infantil no acesso das crian\u00e7as \u00e0 cultura escrita? Qual \u00e9 o seu papel na forma\u00e7\u00e3o de leitores? Como as crian\u00e7as pequenas leem e escrevem? Que textos precisam ser disponibilizados para as crian\u00e7as e de que forma podem ser trabalhados?<\/li><li>O que as crian\u00e7as de zero a seis anos podem ler e escrever nas creches e pr\u00e9-escolas? Que temas, conte\u00fados, saberes e conhecimentos devem constituir a forma\u00e7\u00e3o do\/a professor\/a da Educa\u00e7\u00e3o Infantil para assegurar-lhe pr\u00e1ticas que respeitem as especificidades das crian\u00e7as dessa faixa et\u00e1ria?<\/li><\/ul><p style=\"text-align: right;\">Vamos discutir e fortalecer as a\u00e7\u00f5es em defesa da educa\u00e7\u00e3o infantil de qualidade para todas as crian\u00e7as do Estado de Mato Grosso!<br \/>Voc\u00ea \u00e9 convidado\/a especial para fazer parte deste movimento,<br \/>junte-se a n\u00f3s nesta importante luta!<\/p>\t\t\t\t\t\t<\/div>\n\t\t\t\t<\/div>\n\t\t\t\t<div class=\"elementor-element elementor-element-fcee17b elementor-align-center elementor-widget elementor-widget-button\" data-id=\"fcee17b\" data-element_type=\"widget\" data-widget_type=\"button.default\">\n\t\t\t\t<div class=\"elementor-widget-container\">\n\t\t\t\t\t<div class=\"elementor-button-wrapper\">\n\t\t\t<a class=\"elementor-button elementor-button-link elementor-size-md\" href=\"https:\/\/www.sympla.com.br\/reuniao-do-forum-matogrossense-de-educacao-infantil-fmtei-e-de-alfabetizacao-fomtalfa__2251240\" target=\"_blank\">\n\t\t\t\t\t\t<span class=\"elementor-button-content-wrapper\">\n\t\t\t\t\t\t<span class=\"elementor-button-text\">Clique aqui e se inscreva<\/span>\n\t\t<\/span>\n\t\t\t\t\t<\/a>\n\t\t<\/div>\n\t\t\t\t<\/div>\n\t\t\t\t<\/div>\n\t\t\t\t<div class=\"elementor-element elementor-element-96e8309 elementor-widget elementor-widget-spacer\" data-id=\"96e8309\" data-element_type=\"widget\" data-widget_type=\"spacer.default\">\n\t\t\t\t<div class=\"elementor-widget-container\">\n\t\t\t<style>\/*! elementor - v3.16.0 - 17-10-2023 *\/\n.elementor-column .elementor-spacer-inner{height:var(--spacer-size)}.e-con{--container-widget-width:100%}.e-con-inner>.elementor-widget-spacer,.e-con>.elementor-widget-spacer{width:var(--container-widget-width,var(--spacer-size));--align-self:var(--container-widget-align-self,initial);--flex-shrink:0}.e-con-inner>.elementor-widget-spacer>.elementor-widget-container,.e-con>.elementor-widget-spacer>.elementor-widget-container{height:100%;width:100%}.e-con-inner>.elementor-widget-spacer>.elementor-widget-container>.elementor-spacer,.e-con>.elementor-widget-spacer>.elementor-widget-container>.elementor-spacer{height:100%}.e-con-inner>.elementor-widget-spacer>.elementor-widget-container>.elementor-spacer>.elementor-spacer-inner,.e-con>.elementor-widget-spacer>.elementor-widget-container>.elementor-spacer>.elementor-spacer-inner{height:var(--container-widget-height,var(--spacer-size))}.e-con-inner>.elementor-widget-spacer.elementor-widget-empty,.e-con>.elementor-widget-spacer.elementor-widget-empty{position:relative;min-height:22px;min-width:22px}.e-con-inner>.elementor-widget-spacer.elementor-widget-empty .elementor-widget-empty-icon,.e-con>.elementor-widget-spacer.elementor-widget-empty .elementor-widget-empty-icon{position:absolute;top:0;bottom:0;left:0;right:0;margin:auto;padding:0;width:22px;height:22px}<\/style>\t\t<div class=\"elementor-spacer\">\n\t\t\t<div class=\"elementor-spacer-inner\"><\/div>\n\t\t<\/div>\n\t\t\t\t<\/div>\n\t\t\t\t<\/div>\n\t\t\t\t\t<\/div>\n\t\t\t\t<\/div>\n\t\t<div class=\"elementor-element elementor-element-820aa43 e-flex e-con-boxed e-con e-parent\" data-id=\"820aa43\" data-element_type=\"container\" data-settings=\"{&quot;content_width&quot;:&quot;boxed&quot;}\" data-core-v316-plus=\"true\">\n\t\t\t\t\t<div class=\"e-con-inner\">\n\t\t\t\t<div class=\"elementor-element elementor-element-4a2a558 elementor-widget elementor-widget-image\" data-id=\"4a2a558\" data-element_type=\"widget\" data-widget_type=\"image.default\">\n\t\t\t\t<div class=\"elementor-widget-container\">\n\t\t\t<style>\/*! elementor - v3.16.0 - 17-10-2023 *\/\n.elementor-widget-image{text-align:center}.elementor-widget-image a{display:inline-block}.elementor-widget-image a img[src$=\".svg\"]{width:48px}.elementor-widget-image img{vertical-align:middle;display:inline-block}<\/style>\t\t\t\t\t\t\t\t\t\t\t\t<img decoding=\"async\" loading=\"lazy\" width=\"1131\" height=\"1600\" src=\"https:\/\/setec.ufmt.br\/eventos\/semiedu2023\/wp-content\/uploads\/2023\/11\/convite-evento-paralelo-forum-mt-alfabetizacao.jpg\" class=\"attachment-full size-full wp-image-2798\" alt=\"\" srcset=\"https:\/\/setec.ufmt.br\/eventos\/semiedu2023\/wp-content\/uploads\/2023\/11\/convite-evento-paralelo-forum-mt-alfabetizacao.jpg 1131w, https:\/\/setec.ufmt.br\/eventos\/semiedu2023\/wp-content\/uploads\/2023\/11\/convite-evento-paralelo-forum-mt-alfabetizacao-212x300.jpg 212w, https:\/\/setec.ufmt.br\/eventos\/semiedu2023\/wp-content\/uploads\/2023\/11\/convite-evento-paralelo-forum-mt-alfabetizacao-724x1024.jpg 724w, https:\/\/setec.ufmt.br\/eventos\/semiedu2023\/wp-content\/uploads\/2023\/11\/convite-evento-paralelo-forum-mt-alfabetizacao-768x1086.jpg 768w, https:\/\/setec.ufmt.br\/eventos\/semiedu2023\/wp-content\/uploads\/2023\/11\/convite-evento-paralelo-forum-mt-alfabetizacao-1086x1536.jpg 1086w\" sizes=\"(max-width: 1131px) 100vw, 1131px\" \/>\t\t\t\t\t\t\t\t\t\t\t\t\t\t\t<\/div>\n\t\t\t\t<\/div>\n\t\t\t\t\t<\/div>\n\t\t\t\t<\/div>\n\t\t<div class=\"elementor-element elementor-element-ad282de e-flex e-con-boxed e-con e-parent\" data-id=\"ad282de\" data-element_type=\"container\" data-settings=\"{&quot;content_width&quot;:&quot;boxed&quot;}\" data-core-v316-plus=\"true\">\n\t\t\t\t\t<div class=\"e-con-inner\">\n\t\t<div class=\"elementor-element elementor-element-0e7e925 e-con-full e-flex e-con e-child\" data-id=\"0e7e925\" data-element_type=\"container\" data-settings=\"{&quot;content_width&quot;:&quot;full&quot;}\">\n\t\t\t\t<div class=\"elementor-element elementor-element-a4683c4 elementor-widget elementor-widget-image\" data-id=\"a4683c4\" data-element_type=\"widget\" data-widget_type=\"image.default\">\n\t\t\t\t<div class=\"elementor-widget-container\">\n\t\t\t\t\t\t\t\t\t\t\t\t\t\t\t<img decoding=\"async\" loading=\"lazy\" width=\"938\" height=\"528\" src=\"https:\/\/setec.ufmt.br\/eventos\/semiedu2023\/wp-content\/uploads\/2023\/08\/SemiEdu2023_vs-01-apv_RGB_logo-transparente-1-1024x576.png\" class=\"attachment-large size-large wp-image-1626\" alt=\"\" srcset=\"https:\/\/setec.ufmt.br\/eventos\/semiedu2023\/wp-content\/uploads\/2023\/08\/SemiEdu2023_vs-01-apv_RGB_logo-transparente-1-1024x576.png 1024w, https:\/\/setec.ufmt.br\/eventos\/semiedu2023\/wp-content\/uploads\/2023\/08\/SemiEdu2023_vs-01-apv_RGB_logo-transparente-1-300x169.png 300w, https:\/\/setec.ufmt.br\/eventos\/semiedu2023\/wp-content\/uploads\/2023\/08\/SemiEdu2023_vs-01-apv_RGB_logo-transparente-1-768x432.png 768w, https:\/\/setec.ufmt.br\/eventos\/semiedu2023\/wp-content\/uploads\/2023\/08\/SemiEdu2023_vs-01-apv_RGB_logo-transparente-1-1536x864.png 1536w, https:\/\/setec.ufmt.br\/eventos\/semiedu2023\/wp-content\/uploads\/2023\/08\/SemiEdu2023_vs-01-apv_RGB_logo-transparente-1-1320x743.png 1320w, https:\/\/setec.ufmt.br\/eventos\/semiedu2023\/wp-content\/uploads\/2023\/08\/SemiEdu2023_vs-01-apv_RGB_logo-transparente-1-560x315.png 560w, https:\/\/setec.ufmt.br\/eventos\/semiedu2023\/wp-content\/uploads\/2023\/08\/SemiEdu2023_vs-01-apv_RGB_logo-transparente-1.png 1920w\" sizes=\"(max-width: 938px) 100vw, 938px\" \/>\t\t\t\t\t\t\t\t\t\t\t\t\t\t\t<\/div>\n\t\t\t\t<\/div>\n\t\t\t\t<\/div>\n\t\t<div class=\"elementor-element elementor-element-c48fab6 e-con-full e-flex e-con e-child\" data-id=\"c48fab6\" data-element_type=\"container\" data-settings=\"{&quot;content_width&quot;:&quot;full&quot;}\">\n\t\t\t\t<div class=\"elementor-element elementor-element-d34bb3c elementor-widget elementor-widget-image\" data-id=\"d34bb3c\" data-element_type=\"widget\" data-widget_type=\"image.default\">\n\t\t\t\t<div class=\"elementor-widget-container\">\n\t\t\t\t\t\t\t\t\t\t\t\t\t\t\t<img decoding=\"async\" loading=\"lazy\" width=\"137\" height=\"141\" src=\"https:\/\/setec.ufmt.br\/eventos\/semiedu2023\/wp-content\/uploads\/2023\/11\/Imagem3.png\" class=\"attachment-large size-large wp-image-2802\" alt=\"\" \/>\t\t\t\t\t\t\t\t\t\t\t\t\t\t\t<\/div>\n\t\t\t\t<\/div>\n\t\t\t\t<\/div>\n\t\t<div class=\"elementor-element elementor-element-17ddd3a e-con-full e-flex e-con e-child\" data-id=\"17ddd3a\" data-element_type=\"container\" data-settings=\"{&quot;content_width&quot;:&quot;full&quot;}\">\n\t\t\t\t<div class=\"elementor-element elementor-element-d249a12 elementor-widget elementor-widget-image\" data-id=\"d249a12\" data-element_type=\"widget\" data-widget_type=\"image.default\">\n\t\t\t\t<div class=\"elementor-widget-container\">\n\t\t\t\t\t\t\t\t\t\t\t\t\t\t\t<img decoding=\"async\" loading=\"lazy\" width=\"599\" height=\"286\" src=\"https:\/\/setec.ufmt.br\/eventos\/semiedu2023\/wp-content\/uploads\/2023\/11\/mieib2-removebg-preview.png\" class=\"attachment-large size-large wp-image-2808\" alt=\"\" srcset=\"https:\/\/setec.ufmt.br\/eventos\/semiedu2023\/wp-content\/uploads\/2023\/11\/mieib2-removebg-preview.png 599w, https:\/\/setec.ufmt.br\/eventos\/semiedu2023\/wp-content\/uploads\/2023\/11\/mieib2-removebg-preview-300x143.png 300w\" sizes=\"(max-width: 599px) 100vw, 599px\" \/>\t\t\t\t\t\t\t\t\t\t\t\t\t\t\t<\/div>\n\t\t\t\t<\/div>\n\t\t\t\t<\/div>\n\t\t<div class=\"elementor-element elementor-element-13958d0 e-con-full e-flex e-con e-child\" data-id=\"13958d0\" data-element_type=\"container\" data-settings=\"{&quot;content_width&quot;:&quot;full&quot;}\">\n\t\t\t\t<div class=\"elementor-element elementor-element-476eca0 elementor-widget elementor-widget-image\" data-id=\"476eca0\" data-element_type=\"widget\" data-widget_type=\"image.default\">\n\t\t\t\t<div class=\"elementor-widget-container\">\n\t\t\t\t\t\t\t\t\t\t\t\t\t\t\t<img decoding=\"async\" loading=\"lazy\" width=\"437\" height=\"438\" src=\"https:\/\/setec.ufmt.br\/eventos\/semiedu2023\/wp-content\/uploads\/2023\/11\/forum-mt-alfabetizacao.jpg\" class=\"attachment-large size-large wp-image-2797\" alt=\"\" srcset=\"https:\/\/setec.ufmt.br\/eventos\/semiedu2023\/wp-content\/uploads\/2023\/11\/forum-mt-alfabetizacao.jpg 437w, https:\/\/setec.ufmt.br\/eventos\/semiedu2023\/wp-content\/uploads\/2023\/11\/forum-mt-alfabetizacao-300x300.jpg 300w, https:\/\/setec.ufmt.br\/eventos\/semiedu2023\/wp-content\/uploads\/2023\/11\/forum-mt-alfabetizacao-150x150.jpg 150w, https:\/\/setec.ufmt.br\/eventos\/semiedu2023\/wp-content\/uploads\/2023\/11\/forum-mt-alfabetizacao-160x160.jpg 160w\" sizes=\"(max-width: 437px) 100vw, 437px\" \/>\t\t\t\t\t\t\t\t\t\t\t\t\t\t\t<\/div>\n\t\t\t\t<\/div>\n\t\t\t\t<\/div>\n\t\t\t\t\t<\/div>\n\t\t\t\t<\/div>\n\t\t\t\t\t\t\t<\/div>\n\t\t","protected":false},"excerpt":{"rendered":"<p>F\u00d3RUM MATOGROSSENSE DE EDUCA\u00c7\u00c3O INFANTIL E DE ALFABETIZA\u00c7\u00c3O A maior riqueza do homem\u00e9 a sua incompletude.Nesse ponto sou abastado.Palavras que me aceitam como sou &#8211; eu n\u00e3o aceito. N\u00e3o aguento ser apenas um sujeito que [&hellip;]<\/p>\n","protected":false},"author":1,"featured_media":0,"parent":0,"menu_order":0,"comment_status":"closed","ping_status":"closed","template":"","meta":{"footnotes":""},"yoast_head":"<!-- This site is optimized with the Yoast SEO plugin v21.4 - https:\/\/yoast.com\/wordpress\/plugins\/seo\/ -->\n<title>F\u00d3RUM MATOGROSSENSE DE EDUCA\u00c7\u00c3O INFANTIL E DE ALFABETIZA\u00c7\u00c3O - SemiEdu 2023<\/title>\n<meta name=\"robots\" content=\"index, follow, max-snippet:-1, max-image-preview:large, max-video-preview:-1\" \/>\n<link rel=\"canonical\" href=\"https:\/\/setec.ufmt.br\/eventos\/semiedu2023\/forum-mt-educacao-infantil\/\" \/>\n<meta property=\"og:locale\" content=\"pt_BR\" \/>\n<meta property=\"og:type\" content=\"article\" \/>\n<meta property=\"og:title\" content=\"F\u00d3RUM MATOGROSSENSE DE EDUCA\u00c7\u00c3O INFANTIL E DE ALFABETIZA\u00c7\u00c3O - SemiEdu 2023\" \/>\n<meta property=\"og:description\" content=\"F\u00d3RUM MATOGROSSENSE DE EDUCA\u00c7\u00c3O INFANTIL E DE ALFABETIZA\u00c7\u00c3O A maior riqueza do homem\u00e9 a sua incompletude.Nesse ponto sou abastado.Palavras que me aceitam como sou &#8211; eu n\u00e3o aceito. N\u00e3o aguento ser apenas um sujeito que [&hellip;]\" \/>\n<meta property=\"og:url\" content=\"https:\/\/setec.ufmt.br\/eventos\/semiedu2023\/forum-mt-educacao-infantil\/\" \/>\n<meta property=\"og:site_name\" content=\"SemiEdu 2023\" \/>\n<meta property=\"article:publisher\" content=\"https:\/\/www.facebook.com\/people\/SemiEdu-Seminrio-de-Educao-PPGE\/100083258955178\/?mibextid=9R9pXO\" \/>\n<meta property=\"article:modified_time\" content=\"2023-11-16T19:00:26+00:00\" \/>\n<meta property=\"og:image\" content=\"https:\/\/setec.ufmt.br\/eventos\/semiedu\/wp-content\/uploads\/2023\/11\/convite-evento-paralelo-forum-mt-alfabetizacao.jpg\" \/>\n<meta name=\"twitter:card\" content=\"summary_large_image\" \/>\n<meta name=\"twitter:label1\" content=\"Est. tempo de leitura\" \/>\n\t<meta name=\"twitter:data1\" content=\"3 minutos\" \/>\n<script type=\"application\/ld+json\" class=\"yoast-schema-graph\">{\"@context\":\"https:\/\/schema.org\",\"@graph\":[{\"@type\":\"WebPage\",\"@id\":\"https:\/\/setec.ufmt.br\/eventos\/semiedu2023\/forum-mt-educacao-infantil\/\",\"url\":\"https:\/\/setec.ufmt.br\/eventos\/semiedu2023\/forum-mt-educacao-infantil\/\",\"name\":\"F\u00d3RUM MATOGROSSENSE DE EDUCA\u00c7\u00c3O INFANTIL E DE ALFABETIZA\u00c7\u00c3O - SemiEdu 2023\",\"isPartOf\":{\"@id\":\"https:\/\/setec.ufmt.br\/eventos\/semiedu2023\/#website\"},\"datePublished\":\"2023-11-14T14:19:49+00:00\",\"dateModified\":\"2023-11-16T19:00:26+00:00\",\"breadcrumb\":{\"@id\":\"https:\/\/setec.ufmt.br\/eventos\/semiedu2023\/forum-mt-educacao-infantil\/#breadcrumb\"},\"inLanguage\":\"pt-BR\",\"potentialAction\":[{\"@type\":\"ReadAction\",\"target\":[\"https:\/\/setec.ufmt.br\/eventos\/semiedu2023\/forum-mt-educacao-infantil\/\"]}]},{\"@type\":\"BreadcrumbList\",\"@id\":\"https:\/\/setec.ufmt.br\/eventos\/semiedu2023\/forum-mt-educacao-infantil\/#breadcrumb\",\"itemListElement\":[{\"@type\":\"ListItem\",\"position\":1,\"name\":\"In\u00edcio\",\"item\":\"https:\/\/setec.ufmt.br\/eventos\/semiedu2023\/\"},{\"@type\":\"ListItem\",\"position\":2,\"name\":\"F\u00d3RUM MATOGROSSENSE DE EDUCA\u00c7\u00c3O INFANTIL E DE ALFABETIZA\u00c7\u00c3O\"}]},{\"@type\":\"WebSite\",\"@id\":\"https:\/\/setec.ufmt.br\/eventos\/semiedu2023\/#website\",\"url\":\"https:\/\/setec.ufmt.br\/eventos\/semiedu2023\/\",\"name\":\"Semin\u00e1rio de Educa\u00e7\u00e3o 2023 - UFMT\",\"description\":\"Semin\u00e1rio de Educa\u00e7\u00e3o\",\"publisher\":{\"@id\":\"https:\/\/setec.ufmt.br\/eventos\/semiedu2023\/#organization\"},\"potentialAction\":[{\"@type\":\"SearchAction\",\"target\":{\"@type\":\"EntryPoint\",\"urlTemplate\":\"https:\/\/setec.ufmt.br\/eventos\/semiedu2023\/?s={search_term_string}\"},\"query-input\":\"required name=search_term_string\"}],\"inLanguage\":\"pt-BR\"},{\"@type\":\"Organization\",\"@id\":\"https:\/\/setec.ufmt.br\/eventos\/semiedu2023\/#organization\",\"name\":\"SemiEdu 2023\",\"url\":\"https:\/\/setec.ufmt.br\/eventos\/semiedu2023\/\",\"logo\":{\"@type\":\"ImageObject\",\"inLanguage\":\"pt-BR\",\"@id\":\"https:\/\/setec.ufmt.br\/eventos\/semiedu2023\/#\/schema\/logo\/image\/\",\"url\":\"https:\/\/setec.ufmt.br\/eventos\/semiedu2023\/wp-content\/uploads\/2023\/07\/SemiEdu2023_vs-01-apv_RGB_logo-transparente.png\",\"contentUrl\":\"https:\/\/setec.ufmt.br\/eventos\/semiedu2023\/wp-content\/uploads\/2023\/07\/SemiEdu2023_vs-01-apv_RGB_logo-transparente.png\",\"width\":1920,\"height\":1080,\"caption\":\"SemiEdu 2023\"},\"image\":{\"@id\":\"https:\/\/setec.ufmt.br\/eventos\/semiedu2023\/#\/schema\/logo\/image\/\"},\"sameAs\":[\"https:\/\/www.facebook.com\/people\/SemiEdu-Seminrio-de-Educao-PPGE\/100083258955178\/?mibextid=9R9pXO\",\"https:\/\/www.instagram.com\/semieduppge\/\"]}]}<\/script>\n<!-- \/ Yoast SEO plugin. -->","yoast_head_json":{"title":"F\u00d3RUM MATOGROSSENSE DE EDUCA\u00c7\u00c3O INFANTIL E DE ALFABETIZA\u00c7\u00c3O - SemiEdu 2023","robots":{"index":"index","follow":"follow","max-snippet":"max-snippet:-1","max-image-preview":"max-image-preview:large","max-video-preview":"max-video-preview:-1"},"canonical":"https:\/\/setec.ufmt.br\/eventos\/semiedu2023\/forum-mt-educacao-infantil\/","og_locale":"pt_BR","og_type":"article","og_title":"F\u00d3RUM MATOGROSSENSE DE EDUCA\u00c7\u00c3O INFANTIL E DE ALFABETIZA\u00c7\u00c3O - SemiEdu 2023","og_description":"F\u00d3RUM MATOGROSSENSE DE EDUCA\u00c7\u00c3O INFANTIL E DE ALFABETIZA\u00c7\u00c3O A maior riqueza do homem\u00e9 a sua incompletude.Nesse ponto sou abastado.Palavras que me aceitam como sou &#8211; eu n\u00e3o aceito. N\u00e3o aguento ser apenas um sujeito que [&hellip;]","og_url":"https:\/\/setec.ufmt.br\/eventos\/semiedu2023\/forum-mt-educacao-infantil\/","og_site_name":"SemiEdu 2023","article_publisher":"https:\/\/www.facebook.com\/people\/SemiEdu-Seminrio-de-Educao-PPGE\/100083258955178\/?mibextid=9R9pXO","article_modified_time":"2023-11-16T19:00:26+00:00","og_image":[{"url":"https:\/\/setec.ufmt.br\/eventos\/semiedu\/wp-content\/uploads\/2023\/11\/convite-evento-paralelo-forum-mt-alfabetizacao.jpg"}],"twitter_card":"summary_large_image","twitter_misc":{"Est. tempo de leitura":"3 minutos"},"schema":{"@context":"https:\/\/schema.org","@graph":[{"@type":"WebPage","@id":"https:\/\/setec.ufmt.br\/eventos\/semiedu2023\/forum-mt-educacao-infantil\/","url":"https:\/\/setec.ufmt.br\/eventos\/semiedu2023\/forum-mt-educacao-infantil\/","name":"F\u00d3RUM MATOGROSSENSE DE EDUCA\u00c7\u00c3O INFANTIL E DE ALFABETIZA\u00c7\u00c3O - SemiEdu 2023","isPartOf":{"@id":"https:\/\/setec.ufmt.br\/eventos\/semiedu2023\/#website"},"datePublished":"2023-11-14T14:19:49+00:00","dateModified":"2023-11-16T19:00:26+00:00","breadcrumb":{"@id":"https:\/\/setec.ufmt.br\/eventos\/semiedu2023\/forum-mt-educacao-infantil\/#breadcrumb"},"inLanguage":"pt-BR","potentialAction":[{"@type":"ReadAction","target":["https:\/\/setec.ufmt.br\/eventos\/semiedu2023\/forum-mt-educacao-infantil\/"]}]},{"@type":"BreadcrumbList","@id":"https:\/\/setec.ufmt.br\/eventos\/semiedu2023\/forum-mt-educacao-infantil\/#breadcrumb","itemListElement":[{"@type":"ListItem","position":1,"name":"In\u00edcio","item":"https:\/\/setec.ufmt.br\/eventos\/semiedu2023\/"},{"@type":"ListItem","position":2,"name":"F\u00d3RUM MATOGROSSENSE DE EDUCA\u00c7\u00c3O INFANTIL E DE ALFABETIZA\u00c7\u00c3O"}]},{"@type":"WebSite","@id":"https:\/\/setec.ufmt.br\/eventos\/semiedu2023\/#website","url":"https:\/\/setec.ufmt.br\/eventos\/semiedu2023\/","name":"Semin\u00e1rio de Educa\u00e7\u00e3o 2023 - UFMT","description":"Semin\u00e1rio de Educa\u00e7\u00e3o","publisher":{"@id":"https:\/\/setec.ufmt.br\/eventos\/semiedu2023\/#organization"},"potentialAction":[{"@type":"SearchAction","target":{"@type":"EntryPoint","urlTemplate":"https:\/\/setec.ufmt.br\/eventos\/semiedu2023\/?s={search_term_string}"},"query-input":"required name=search_term_string"}],"inLanguage":"pt-BR"},{"@type":"Organization","@id":"https:\/\/setec.ufmt.br\/eventos\/semiedu2023\/#organization","name":"SemiEdu 2023","url":"https:\/\/setec.ufmt.br\/eventos\/semiedu2023\/","logo":{"@type":"ImageObject","inLanguage":"pt-BR","@id":"https:\/\/setec.ufmt.br\/eventos\/semiedu2023\/#\/schema\/logo\/image\/","url":"https:\/\/setec.ufmt.br\/eventos\/semiedu2023\/wp-content\/uploads\/2023\/07\/SemiEdu2023_vs-01-apv_RGB_logo-transparente.png","contentUrl":"https:\/\/setec.ufmt.br\/eventos\/semiedu2023\/wp-content\/uploads\/2023\/07\/SemiEdu2023_vs-01-apv_RGB_logo-transparente.png","width":1920,"height":1080,"caption":"SemiEdu 2023"},"image":{"@id":"https:\/\/setec.ufmt.br\/eventos\/semiedu2023\/#\/schema\/logo\/image\/"},"sameAs":["https:\/\/www.facebook.com\/people\/SemiEdu-Seminrio-de-Educao-PPGE\/100083258955178\/?mibextid=9R9pXO","https:\/\/www.instagram.com\/semieduppge\/"]}]}},"jetpack_sharing_enabled":true,"_links":{"self":[{"href":"https:\/\/setec.ufmt.br\/eventos\/semiedu2023\/wp-json\/wp\/v2\/pages\/2780"}],"collection":[{"href":"https:\/\/setec.ufmt.br\/eventos\/semiedu2023\/wp-json\/wp\/v2\/pages"}],"about":[{"href":"https:\/\/setec.ufmt.br\/eventos\/semiedu2023\/wp-json\/wp\/v2\/types\/page"}],"author":[{"embeddable":true,"href":"https:\/\/setec.ufmt.br\/eventos\/semiedu2023\/wp-json\/wp\/v2\/users\/1"}],"replies":[{"embeddable":true,"href":"https:\/\/setec.ufmt.br\/eventos\/semiedu2023\/wp-json\/wp\/v2\/comments?post=2780"}],"version-history":[{"count":31,"href":"https:\/\/setec.ufmt.br\/eventos\/semiedu2023\/wp-json\/wp\/v2\/pages\/2780\/revisions"}],"predecessor-version":[{"id":2823,"href":"https:\/\/setec.ufmt.br\/eventos\/semiedu2023\/wp-json\/wp\/v2\/pages\/2780\/revisions\/2823"}],"wp:attachment":[{"href":"https:\/\/setec.ufmt.br\/eventos\/semiedu2023\/wp-json\/wp\/v2\/media?parent=2780"}],"curies":[{"name":"wp","href":"https:\/\/api.w.org\/{rel}","templated":true}]}}