{"id":2178,"date":"2023-10-23T22:43:03","date_gmt":"2023-10-24T02:43:03","guid":{"rendered":"https:\/\/setec.ufmt.br\/eventos\/semiedu\/?page_id=2178"},"modified":"2023-10-24T09:02:43","modified_gmt":"2023-10-24T13:02:43","slug":"candidatos-selecionados-monitoria","status":"publish","type":"page","link":"https:\/\/setec.ufmt.br\/eventos\/semiedu2023\/candidatos-selecionados-monitoria\/","title":{"rendered":"CANDIDATOS SELECIONADOS PARA A MONITORIA"},"content":{"rendered":"\t\t<div data-elementor-type=\"wp-page\" data-elementor-id=\"2178\" class=\"elementor elementor-2178\" data-elementor-post-type=\"page\">\n\t\t\t\t\t\t\t<div class=\"elementor-element elementor-element-6f00699 e-flex e-con-boxed e-con e-parent\" data-id=\"6f00699\" data-element_type=\"container\" data-settings=\"{&quot;content_width&quot;:&quot;boxed&quot;}\" data-core-v316-plus=\"true\">\n\t\t\t\t\t<div class=\"e-con-inner\">\n\t\t\t\t<div class=\"elementor-element elementor-element-0426a70 elementor-widget elementor-widget-text-editor\" data-id=\"0426a70\" data-element_type=\"widget\" data-widget_type=\"text-editor.default\">\n\t\t\t\t<div class=\"elementor-widget-container\">\n\t\t\t<style>\/*! elementor - v3.16.0 - 17-10-2023 *\/\n.elementor-widget-text-editor.elementor-drop-cap-view-stacked .elementor-drop-cap{background-color:#69727d;color:#fff}.elementor-widget-text-editor.elementor-drop-cap-view-framed .elementor-drop-cap{color:#69727d;border:3px solid;background-color:transparent}.elementor-widget-text-editor:not(.elementor-drop-cap-view-default) .elementor-drop-cap{margin-top:8px}.elementor-widget-text-editor:not(.elementor-drop-cap-view-default) .elementor-drop-cap-letter{width:1em;height:1em}.elementor-widget-text-editor .elementor-drop-cap{float:left;text-align:center;line-height:1;font-size:50px}.elementor-widget-text-editor .elementor-drop-cap-letter{display:inline-block}<\/style>\t\t\t\t<p style=\"text-align: center;\">ALANA SILVA DOS REIS<br \/>\u00c1LEF VINICIUS DE JESUS SILVA<br \/>ALESSANDRA COSTA<br \/>ALETH DA GRA\u00c7A AMORIM <br \/>ALEXANDRE C\u00c2NDIDO DE OLIVEIRA CAMPOS<br \/>ANA CIRLENE FERREIRA <br \/>ANA HELLOYSA BATISTA POMPEU<br \/>ANA MAROLINA CARVALHO DE PAULA <br \/>ANA PAULA MARTINS TEODORO<br \/>APARECIDA CARMEM COSTA DE DEUS<br \/>CAMILE DE ARAUJO AGUIAR <br \/>CINARA ALMEIDA BARCELOS<br \/>CLAUDIA ANTONIA DOS SANTOS<br \/>D\u00c9BORA FERNANDES FONTES<br \/>EDUARDA LETICIA PAES DO SANTO<br \/>EVA LAURA FORTES FERREIRA GOMES <br \/>EVANIZE LEMES MATOS MARTINS<br \/>EVELLYN MARIA NOVAIS DE MACEDO<br \/>FABIANA ALENCAR ROCHA E SILVA<br \/>FRANCISCA DA SILVA DUARTE<br \/>FRANCISCA FRANCIELY VELOSO DE ALMEIDA<br \/>GIOVANA AMORIM DOS SANTOS <br \/>GRACIELA ORSOLIN DA SILVEIRA <br \/>ISABELA NEVES CARDOSO<br \/>JAKELINE MODESTA ALMEIDA FACHIN<br \/>JEOVANA RODRIGUES DA SILVA<br \/>JAYNE KEILA DA COSTA FERREIRA<br \/>JULIANA GARCIA RIGOLIN<br \/>JULIANA MARQUES DE OLIVEIRA<br \/>JULLIETTE GOMES DA SILVA<br \/>LARISSA KELY DANTAS<br \/>LEILANE DOS SANTOS ROHLEDER<br \/>LET\u00cdCIA CRISTINA DE OLIVEIRA<br \/>L\u00cdVIA MARIA LOUREN\u00c7O GOMES DO NASCIMENTO<br \/>MAYCON ODAILSON DOS SANTOS DA FONSECA<br \/>MARCOS FELIPE MACHADO BELLO<br \/>MARIA LUIZA TROIAN<br \/>MARIA LUZIA COSTA MARQUES<br \/>M\u00d4NICA REGINA DOS SANTOS<br \/>PATR\u00cdCIA CARLA MARCONDE CARREIRA<br \/>PATRICIA DIAS<br \/>POLIANA VIT\u00d3RIA SOUZA CURVOPRISCILA NASCIMENTO RIBEIRO<br \/>REBEKAH TEIXEIRA FEL\u00cdCIO<br \/>RENATA APARECIDA DA SILVA<br \/>RONIELY GON\u00c7ALVES SANTANA<br \/>SOENIL CLARINDA DE SALES<br \/>TALITA CAMARGO MORRI<br \/>VALERIA LOPES REDON<\/p>\t\t\t\t\t\t<\/div>\n\t\t\t\t<\/div>\n\t\t\t\t\t<\/div>\n\t\t\t\t<\/div>\n\t\t<div class=\"elementor-element elementor-element-aa74706 e-flex e-con-boxed e-con e-parent\" data-id=\"aa74706\" data-element_type=\"container\" data-settings=\"{&quot;content_width&quot;:&quot;boxed&quot;}\" data-core-v316-plus=\"true\">\n\t\t\t\t\t<div class=\"e-con-inner\">\n\t\t\t\t<div class=\"elementor-element elementor-element-6868cec elementor-align-center elementor-widget elementor-widget-button\" data-id=\"6868cec\" data-element_type=\"widget\" data-widget_type=\"button.default\">\n\t\t\t\t<div class=\"elementor-widget-container\">\n\t\t\t\t\t<div class=\"elementor-button-wrapper\">\n\t\t\t<a class=\"elementor-button elementor-button-link elementor-size-sm\" href=\"https:\/\/setec.ufmt.br\/eventos\/semiedu\/wp-content\/uploads\/2023\/10\/candidatos-monitoria-semiedu.pdf\" target=\"_blank\">\n\t\t\t\t\t\t<span class=\"elementor-button-content-wrapper\">\n\t\t\t\t\t\t<span class=\"elementor-button-text\">Baixar em PDF<\/span>\n\t\t<\/span>\n\t\t\t\t\t<\/a>\n\t\t<\/div>\n\t\t\t\t<\/div>\n\t\t\t\t<\/div>\n\t\t\t\t\t<\/div>\n\t\t\t\t<\/div>\n\t\t\t\t\t\t\t<\/div>\n\t\t","protected":false},"excerpt":{"rendered":"<p>ALANA SILVA DOS REIS\u00c1LEF VINICIUS DE JESUS SILVAALESSANDRA COSTAALETH DA GRA\u00c7A AMORIM ALEXANDRE C\u00c2NDIDO DE OLIVEIRA CAMPOSANA CIRLENE FERREIRA ANA HELLOYSA BATISTA POMPEUANA MAROLINA CARVALHO DE PAULA ANA PAULA MARTINS TEODOROAPARECIDA CARMEM COSTA DE DEUSCAMILE [&hellip;]<\/p>\n","protected":false},"author":1,"featured_media":0,"parent":0,"menu_order":0,"comment_status":"closed","ping_status":"closed","template":"","meta":{"footnotes":""},"yoast_head":"<!-- This site is optimized with the Yoast SEO plugin v21.4 - https:\/\/yoast.com\/wordpress\/plugins\/seo\/ -->\n<title>CANDIDATOS SELECIONADOS PARA A MONITORIA - SemiEdu 2023<\/title>\n<meta name=\"robots\" content=\"index, follow, max-snippet:-1, max-image-preview:large, max-video-preview:-1\" \/>\n<link rel=\"canonical\" href=\"https:\/\/setec.ufmt.br\/eventos\/semiedu2023\/candidatos-selecionados-monitoria\/\" \/>\n<meta property=\"og:locale\" content=\"pt_BR\" \/>\n<meta property=\"og:type\" content=\"article\" \/>\n<meta property=\"og:title\" content=\"CANDIDATOS SELECIONADOS PARA A MONITORIA - SemiEdu 2023\" \/>\n<meta property=\"og:description\" content=\"ALANA SILVA DOS REIS\u00c1LEF VINICIUS DE JESUS SILVAALESSANDRA COSTAALETH DA GRA\u00c7A AMORIM ALEXANDRE C\u00c2NDIDO DE OLIVEIRA CAMPOSANA CIRLENE FERREIRA ANA HELLOYSA BATISTA POMPEUANA MAROLINA CARVALHO DE PAULA ANA PAULA MARTINS TEODOROAPARECIDA CARMEM COSTA DE DEUSCAMILE [&hellip;]\" \/>\n<meta property=\"og:url\" content=\"https:\/\/setec.ufmt.br\/eventos\/semiedu2023\/candidatos-selecionados-monitoria\/\" \/>\n<meta property=\"og:site_name\" content=\"SemiEdu 2023\" \/>\n<meta property=\"article:publisher\" content=\"https:\/\/www.facebook.com\/people\/SemiEdu-Seminrio-de-Educao-PPGE\/100083258955178\/?mibextid=9R9pXO\" \/>\n<meta property=\"article:modified_time\" content=\"2023-10-24T13:02:43+00:00\" \/>\n<meta name=\"twitter:card\" content=\"summary_large_image\" \/>\n<meta name=\"twitter:label1\" content=\"Est. tempo de leitura\" \/>\n\t<meta name=\"twitter:data1\" content=\"2 minutos\" \/>\n<script type=\"application\/ld+json\" class=\"yoast-schema-graph\">{\"@context\":\"https:\/\/schema.org\",\"@graph\":[{\"@type\":\"WebPage\",\"@id\":\"https:\/\/setec.ufmt.br\/eventos\/semiedu2023\/candidatos-selecionados-monitoria\/\",\"url\":\"https:\/\/setec.ufmt.br\/eventos\/semiedu2023\/candidatos-selecionados-monitoria\/\",\"name\":\"CANDIDATOS SELECIONADOS PARA A MONITORIA - SemiEdu 2023\",\"isPartOf\":{\"@id\":\"https:\/\/setec.ufmt.br\/eventos\/semiedu2023\/#website\"},\"datePublished\":\"2023-10-24T02:43:03+00:00\",\"dateModified\":\"2023-10-24T13:02:43+00:00\",\"breadcrumb\":{\"@id\":\"https:\/\/setec.ufmt.br\/eventos\/semiedu2023\/candidatos-selecionados-monitoria\/#breadcrumb\"},\"inLanguage\":\"pt-BR\",\"potentialAction\":[{\"@type\":\"ReadAction\",\"target\":[\"https:\/\/setec.ufmt.br\/eventos\/semiedu2023\/candidatos-selecionados-monitoria\/\"]}]},{\"@type\":\"BreadcrumbList\",\"@id\":\"https:\/\/setec.ufmt.br\/eventos\/semiedu2023\/candidatos-selecionados-monitoria\/#breadcrumb\",\"itemListElement\":[{\"@type\":\"ListItem\",\"position\":1,\"name\":\"In\u00edcio\",\"item\":\"https:\/\/setec.ufmt.br\/eventos\/semiedu2023\/\"},{\"@type\":\"ListItem\",\"position\":2,\"name\":\"CANDIDATOS SELECIONADOS PARA A MONITORIA\"}]},{\"@type\":\"WebSite\",\"@id\":\"https:\/\/setec.ufmt.br\/eventos\/semiedu2023\/#website\",\"url\":\"https:\/\/setec.ufmt.br\/eventos\/semiedu2023\/\",\"name\":\"Semin\u00e1rio de Educa\u00e7\u00e3o 2023 - UFMT\",\"description\":\"Semin\u00e1rio de Educa\u00e7\u00e3o\",\"publisher\":{\"@id\":\"https:\/\/setec.ufmt.br\/eventos\/semiedu2023\/#organization\"},\"potentialAction\":[{\"@type\":\"SearchAction\",\"target\":{\"@type\":\"EntryPoint\",\"urlTemplate\":\"https:\/\/setec.ufmt.br\/eventos\/semiedu2023\/?s={search_term_string}\"},\"query-input\":\"required name=search_term_string\"}],\"inLanguage\":\"pt-BR\"},{\"@type\":\"Organization\",\"@id\":\"https:\/\/setec.ufmt.br\/eventos\/semiedu2023\/#organization\",\"name\":\"SemiEdu 2023\",\"url\":\"https:\/\/setec.ufmt.br\/eventos\/semiedu2023\/\",\"logo\":{\"@type\":\"ImageObject\",\"inLanguage\":\"pt-BR\",\"@id\":\"https:\/\/setec.ufmt.br\/eventos\/semiedu2023\/#\/schema\/logo\/image\/\",\"url\":\"https:\/\/setec.ufmt.br\/eventos\/semiedu2023\/wp-content\/uploads\/2023\/07\/SemiEdu2023_vs-01-apv_RGB_logo-transparente.png\",\"contentUrl\":\"https:\/\/setec.ufmt.br\/eventos\/semiedu2023\/wp-content\/uploads\/2023\/07\/SemiEdu2023_vs-01-apv_RGB_logo-transparente.png\",\"width\":1920,\"height\":1080,\"caption\":\"SemiEdu 2023\"},\"image\":{\"@id\":\"https:\/\/setec.ufmt.br\/eventos\/semiedu2023\/#\/schema\/logo\/image\/\"},\"sameAs\":[\"https:\/\/www.facebook.com\/people\/SemiEdu-Seminrio-de-Educao-PPGE\/100083258955178\/?mibextid=9R9pXO\",\"https:\/\/www.instagram.com\/semieduppge\/\"]}]}<\/script>\n<!-- \/ Yoast SEO plugin. -->","yoast_head_json":{"title":"CANDIDATOS SELECIONADOS PARA A MONITORIA - SemiEdu 2023","robots":{"index":"index","follow":"follow","max-snippet":"max-snippet:-1","max-image-preview":"max-image-preview:large","max-video-preview":"max-video-preview:-1"},"canonical":"https:\/\/setec.ufmt.br\/eventos\/semiedu2023\/candidatos-selecionados-monitoria\/","og_locale":"pt_BR","og_type":"article","og_title":"CANDIDATOS SELECIONADOS PARA A MONITORIA - SemiEdu 2023","og_description":"ALANA SILVA DOS REIS\u00c1LEF VINICIUS DE JESUS SILVAALESSANDRA COSTAALETH DA GRA\u00c7A AMORIM ALEXANDRE C\u00c2NDIDO DE OLIVEIRA CAMPOSANA CIRLENE FERREIRA ANA HELLOYSA BATISTA POMPEUANA MAROLINA CARVALHO DE PAULA ANA PAULA MARTINS TEODOROAPARECIDA CARMEM COSTA DE DEUSCAMILE [&hellip;]","og_url":"https:\/\/setec.ufmt.br\/eventos\/semiedu2023\/candidatos-selecionados-monitoria\/","og_site_name":"SemiEdu 2023","article_publisher":"https:\/\/www.facebook.com\/people\/SemiEdu-Seminrio-de-Educao-PPGE\/100083258955178\/?mibextid=9R9pXO","article_modified_time":"2023-10-24T13:02:43+00:00","twitter_card":"summary_large_image","twitter_misc":{"Est. tempo de leitura":"2 minutos"},"schema":{"@context":"https:\/\/schema.org","@graph":[{"@type":"WebPage","@id":"https:\/\/setec.ufmt.br\/eventos\/semiedu2023\/candidatos-selecionados-monitoria\/","url":"https:\/\/setec.ufmt.br\/eventos\/semiedu2023\/candidatos-selecionados-monitoria\/","name":"CANDIDATOS SELECIONADOS PARA A MONITORIA - SemiEdu 2023","isPartOf":{"@id":"https:\/\/setec.ufmt.br\/eventos\/semiedu2023\/#website"},"datePublished":"2023-10-24T02:43:03+00:00","dateModified":"2023-10-24T13:02:43+00:00","breadcrumb":{"@id":"https:\/\/setec.ufmt.br\/eventos\/semiedu2023\/candidatos-selecionados-monitoria\/#breadcrumb"},"inLanguage":"pt-BR","potentialAction":[{"@type":"ReadAction","target":["https:\/\/setec.ufmt.br\/eventos\/semiedu2023\/candidatos-selecionados-monitoria\/"]}]},{"@type":"BreadcrumbList","@id":"https:\/\/setec.ufmt.br\/eventos\/semiedu2023\/candidatos-selecionados-monitoria\/#breadcrumb","itemListElement":[{"@type":"ListItem","position":1,"name":"In\u00edcio","item":"https:\/\/setec.ufmt.br\/eventos\/semiedu2023\/"},{"@type":"ListItem","position":2,"name":"CANDIDATOS SELECIONADOS PARA A MONITORIA"}]},{"@type":"WebSite","@id":"https:\/\/setec.ufmt.br\/eventos\/semiedu2023\/#website","url":"https:\/\/setec.ufmt.br\/eventos\/semiedu2023\/","name":"Semin\u00e1rio de Educa\u00e7\u00e3o 2023 - UFMT","description":"Semin\u00e1rio de Educa\u00e7\u00e3o","publisher":{"@id":"https:\/\/setec.ufmt.br\/eventos\/semiedu2023\/#organization"},"potentialAction":[{"@type":"SearchAction","target":{"@type":"EntryPoint","urlTemplate":"https:\/\/setec.ufmt.br\/eventos\/semiedu2023\/?s={search_term_string}"},"query-input":"required name=search_term_string"}],"inLanguage":"pt-BR"},{"@type":"Organization","@id":"https:\/\/setec.ufmt.br\/eventos\/semiedu2023\/#organization","name":"SemiEdu 2023","url":"https:\/\/setec.ufmt.br\/eventos\/semiedu2023\/","logo":{"@type":"ImageObject","inLanguage":"pt-BR","@id":"https:\/\/setec.ufmt.br\/eventos\/semiedu2023\/#\/schema\/logo\/image\/","url":"https:\/\/setec.ufmt.br\/eventos\/semiedu2023\/wp-content\/uploads\/2023\/07\/SemiEdu2023_vs-01-apv_RGB_logo-transparente.png","contentUrl":"https:\/\/setec.ufmt.br\/eventos\/semiedu2023\/wp-content\/uploads\/2023\/07\/SemiEdu2023_vs-01-apv_RGB_logo-transparente.png","width":1920,"height":1080,"caption":"SemiEdu 2023"},"image":{"@id":"https:\/\/setec.ufmt.br\/eventos\/semiedu2023\/#\/schema\/logo\/image\/"},"sameAs":["https:\/\/www.facebook.com\/people\/SemiEdu-Seminrio-de-Educao-PPGE\/100083258955178\/?mibextid=9R9pXO","https:\/\/www.instagram.com\/semieduppge\/"]}]}},"jetpack_sharing_enabled":true,"_links":{"self":[{"href":"https:\/\/setec.ufmt.br\/eventos\/semiedu2023\/wp-json\/wp\/v2\/pages\/2178"}],"collection":[{"href":"https:\/\/setec.ufmt.br\/eventos\/semiedu2023\/wp-json\/wp\/v2\/pages"}],"about":[{"href":"https:\/\/setec.ufmt.br\/eventos\/semiedu2023\/wp-json\/wp\/v2\/types\/page"}],"author":[{"embeddable":true,"href":"https:\/\/setec.ufmt.br\/eventos\/semiedu2023\/wp-json\/wp\/v2\/users\/1"}],"replies":[{"embeddable":true,"href":"https:\/\/setec.ufmt.br\/eventos\/semiedu2023\/wp-json\/wp\/v2\/comments?post=2178"}],"version-history":[{"count":10,"href":"https:\/\/setec.ufmt.br\/eventos\/semiedu2023\/wp-json\/wp\/v2\/pages\/2178\/revisions"}],"predecessor-version":[{"id":2190,"href":"https:\/\/setec.ufmt.br\/eventos\/semiedu2023\/wp-json\/wp\/v2\/pages\/2178\/revisions\/2190"}],"wp:attachment":[{"href":"https:\/\/setec.ufmt.br\/eventos\/semiedu2023\/wp-json\/wp\/v2\/media?parent=2178"}],"curies":[{"name":"wp","href":"https:\/\/api.w.org\/{rel}","templated":true}]}}