{"id":2038,"date":"2023-09-26T16:48:32","date_gmt":"2023-09-26T20:48:32","guid":{"rendered":"https:\/\/setec.ufmt.br\/eventos\/semiedu\/?page_id=2038"},"modified":"2023-10-16T10:12:41","modified_gmt":"2023-10-16T14:12:41","slug":"comite-cientifico","status":"publish","type":"page","link":"https:\/\/setec.ufmt.br\/eventos\/semiedu2023\/comite-cientifico\/","title":{"rendered":"COMIT\u00ca CIENT\u00cdFICO"},"content":{"rendered":"\t\t<div data-elementor-type=\"wp-page\" data-elementor-id=\"2038\" class=\"elementor elementor-2038\" data-elementor-post-type=\"page\">\n\t\t\t\t\t\t\t<div class=\"elementor-element elementor-element-2a1ff0d e-flex e-con-boxed e-con e-parent\" data-id=\"2a1ff0d\" data-element_type=\"container\" data-settings=\"{&quot;content_width&quot;:&quot;boxed&quot;}\" data-core-v316-plus=\"true\">\n\t\t\t\t\t<div class=\"e-con-inner\">\n\t\t\t\t<div class=\"elementor-element elementor-element-ee75702 elementor-widget elementor-widget-text-editor\" data-id=\"ee75702\" data-element_type=\"widget\" data-widget_type=\"text-editor.default\">\n\t\t\t\t<div class=\"elementor-widget-container\">\n\t\t\t<style>\/*! elementor - v3.16.0 - 17-10-2023 *\/\n.elementor-widget-text-editor.elementor-drop-cap-view-stacked .elementor-drop-cap{background-color:#69727d;color:#fff}.elementor-widget-text-editor.elementor-drop-cap-view-framed .elementor-drop-cap{color:#69727d;border:3px solid;background-color:transparent}.elementor-widget-text-editor:not(.elementor-drop-cap-view-default) .elementor-drop-cap{margin-top:8px}.elementor-widget-text-editor:not(.elementor-drop-cap-view-default) .elementor-drop-cap-letter{width:1em;height:1em}.elementor-widget-text-editor .elementor-drop-cap{float:left;text-align:center;line-height:1;font-size:50px}.elementor-widget-text-editor .elementor-drop-cap-letter{display:inline-block}<\/style>\t\t\t\t<p style=\"text-align: center;\">Adelmo Carvalho da Silva \u2013 UFMT<br \/>Alexandre Martins dos Anjos &#8211; UFMT<br \/>Ana Lara Casagrande &#8211; UFMT<br \/>Ana Luisa Alves Cordeiro &#8211; UFMT<br \/>Barbara Cortella Pereira de Oliveira &#8211; UFMT<br \/>Beleni Salte Grando &#8211; UFMT<br \/>Candida Soares da Costa &#8211; UFMT<br \/>Celeida Maria Costa de Souza &#8211; UCDB<br \/>Cleo Ferreira Gomes &#8211; UFMT<br \/>Cristiane Koehler &#8211; UFMT<br \/>Daniela Barros da Silva Freire Andrade &#8211; UFMT<br \/>Danilo Garcia da Silva &#8211; UFMT<br \/>Edson Caetano &#8211; UFMT<br \/>Elizabeth Figueiredo de S\u00e1 &#8211; UFMT <br \/>Erika Virgilio Rodrigues da Cunha &#8211; UFR<br \/>Evando Carlos Moreira &#8211; UFMT<br \/>Filomena Maria de Arruda Monteiro &#8211; UFMT <br \/>Geniana dos Santos &#8211; UFMT<br \/>Gladys Denise Wielewski &#8211; UFMT<br \/>Graciela da Silva Oliveira &#8211; UFMT<br \/>Graziele Borges de Oliveira Pena &#8211; UFMT<br \/>Hugo Heleno Camilo Costa &#8211; UERJ<br \/>Irene Cristina de Mello &#8211; UFMT<br \/>Isabel Maria Sabino de Farias &#8211; UECE<br \/>Jacqueline Borges de Paula &#8211; UFMT<br \/>Jose Licinio Backes &#8211; UCDB<br \/>Katia Augusta Curado Pinheiro Cordeiro da Silva &#8211; UNB<br \/>Katia Morosov Alonso &#8211; UFMT<br \/>Leonardo da Silveira Borne &#8211; UFMT<br \/>Luciana Correia Lima de Faria Borges &#8211; UFMT<br \/>Luiz Augusto Passos &#8211; UFMT<br \/>Marcel Thiago Damasceno Ribeiro &#8211; UFMT<br \/>Marcia Betania de Oliveira &#8211; UERN<br \/>Maria Aparecida Rezende \u2013 UFMT<br \/>Marijane Silveira da Silva &#8211; UFMT<br \/>Mariuce Campos de Moraes &#8211; UFMT<br \/>Marta Maria Pontin Darsie &#8211; UFMT<br \/>Nilce Vieira Campos Ferreira &#8211; UFMT<br \/>Ozerina Victor de Oliveira &#8211; UFMT<br \/>Rosemar Eurico Coenga &#8211; UNIC<br \/>Rosemary dos Santos &#8211; UERJ<br \/>Rafael Honorato \u2013 UEPB<br \/>Rute Cristina Domingos da Palma &#8211; UFMT<br \/>Ruth Pavan &#8211; UCDB<br \/>Sergio Pereira dos Santos &#8211; UFMT<br \/>Suely Dulce de Castilho &#8211; UFMT<br \/>Sueli Fanizzi &#8211; UFMT<br \/>Tereza Fernandes &#8211; UFMT<br \/>Valeska Maria Fortes de Oliveira &#8211; UFSM<\/p>\t\t\t\t\t\t<\/div>\n\t\t\t\t<\/div>\n\t\t\t\t\t<\/div>\n\t\t\t\t<\/div>\n\t\t<div class=\"elementor-element elementor-element-9bdbe24 e-flex e-con-boxed e-con e-parent\" data-id=\"9bdbe24\" data-element_type=\"container\" data-settings=\"{&quot;content_width&quot;:&quot;boxed&quot;}\" data-core-v316-plus=\"true\">\n\t\t\t\t\t<div class=\"e-con-inner\">\n\t\t\t\t<div class=\"elementor-element elementor-element-fcf0ccc elementor-align-center elementor-widget elementor-widget-button\" data-id=\"fcf0ccc\" data-element_type=\"widget\" data-widget_type=\"button.default\">\n\t\t\t\t<div class=\"elementor-widget-container\">\n\t\t\t\t\t<div class=\"elementor-button-wrapper\">\n\t\t\t<a class=\"elementor-button elementor-button-link elementor-size-sm\" href=\"https:\/\/setec.ufmt.br\/eventos\/semiedu\/wp-content\/uploads\/2023\/09\/Comite-Cientifico-SemiEdu-2023.pdf\" target=\"_blank\">\n\t\t\t\t\t\t<span class=\"elementor-button-content-wrapper\">\n\t\t\t\t\t\t<span class=\"elementor-button-text\">Baixar em PDF<\/span>\n\t\t<\/span>\n\t\t\t\t\t<\/a>\n\t\t<\/div>\n\t\t\t\t<\/div>\n\t\t\t\t<\/div>\n\t\t\t\t\t<\/div>\n\t\t\t\t<\/div>\n\t\t\t\t\t\t\t<\/div>\n\t\t","protected":false},"excerpt":{"rendered":"<p>Adelmo Carvalho da Silva \u2013 UFMTAlexandre Martins dos Anjos &#8211; UFMTAna Lara Casagrande &#8211; UFMTAna Luisa Alves Cordeiro &#8211; UFMTBarbara Cortella Pereira de Oliveira &#8211; UFMTBeleni Salte Grando &#8211; UFMTCandida Soares da Costa &#8211; UFMTCeleida [&hellip;]<\/p>\n","protected":false},"author":1,"featured_media":0,"parent":0,"menu_order":0,"comment_status":"closed","ping_status":"closed","template":"","meta":{"footnotes":""},"yoast_head":"<!-- This site is optimized with the Yoast SEO plugin v21.4 - https:\/\/yoast.com\/wordpress\/plugins\/seo\/ -->\n<title>COMIT\u00ca CIENT\u00cdFICO - SemiEdu 2023<\/title>\n<meta name=\"robots\" content=\"index, follow, max-snippet:-1, max-image-preview:large, max-video-preview:-1\" \/>\n<link rel=\"canonical\" href=\"https:\/\/setec.ufmt.br\/eventos\/semiedu2023\/comite-cientifico\/\" \/>\n<meta property=\"og:locale\" content=\"pt_BR\" \/>\n<meta property=\"og:type\" content=\"article\" \/>\n<meta property=\"og:title\" content=\"COMIT\u00ca CIENT\u00cdFICO - SemiEdu 2023\" \/>\n<meta property=\"og:description\" content=\"Adelmo Carvalho da Silva \u2013 UFMTAlexandre Martins dos Anjos &#8211; UFMTAna Lara Casagrande &#8211; UFMTAna Luisa Alves Cordeiro &#8211; UFMTBarbara Cortella Pereira de Oliveira &#8211; UFMTBeleni Salte Grando &#8211; UFMTCandida Soares da Costa &#8211; UFMTCeleida [&hellip;]\" \/>\n<meta property=\"og:url\" content=\"https:\/\/setec.ufmt.br\/eventos\/semiedu2023\/comite-cientifico\/\" \/>\n<meta property=\"og:site_name\" content=\"SemiEdu 2023\" \/>\n<meta property=\"article:publisher\" content=\"https:\/\/www.facebook.com\/people\/SemiEdu-Seminrio-de-Educao-PPGE\/100083258955178\/?mibextid=9R9pXO\" \/>\n<meta property=\"article:modified_time\" content=\"2023-10-16T14:12:41+00:00\" \/>\n<meta name=\"twitter:card\" content=\"summary_large_image\" \/>\n<meta name=\"twitter:label1\" content=\"Est. tempo de leitura\" \/>\n\t<meta name=\"twitter:data1\" content=\"2 minutos\" \/>\n<script type=\"application\/ld+json\" class=\"yoast-schema-graph\">{\"@context\":\"https:\/\/schema.org\",\"@graph\":[{\"@type\":\"WebPage\",\"@id\":\"https:\/\/setec.ufmt.br\/eventos\/semiedu2023\/comite-cientifico\/\",\"url\":\"https:\/\/setec.ufmt.br\/eventos\/semiedu2023\/comite-cientifico\/\",\"name\":\"COMIT\u00ca CIENT\u00cdFICO - SemiEdu 2023\",\"isPartOf\":{\"@id\":\"https:\/\/setec.ufmt.br\/eventos\/semiedu2023\/#website\"},\"datePublished\":\"2023-09-26T20:48:32+00:00\",\"dateModified\":\"2023-10-16T14:12:41+00:00\",\"breadcrumb\":{\"@id\":\"https:\/\/setec.ufmt.br\/eventos\/semiedu2023\/comite-cientifico\/#breadcrumb\"},\"inLanguage\":\"pt-BR\",\"potentialAction\":[{\"@type\":\"ReadAction\",\"target\":[\"https:\/\/setec.ufmt.br\/eventos\/semiedu2023\/comite-cientifico\/\"]}]},{\"@type\":\"BreadcrumbList\",\"@id\":\"https:\/\/setec.ufmt.br\/eventos\/semiedu2023\/comite-cientifico\/#breadcrumb\",\"itemListElement\":[{\"@type\":\"ListItem\",\"position\":1,\"name\":\"In\u00edcio\",\"item\":\"https:\/\/setec.ufmt.br\/eventos\/semiedu2023\/\"},{\"@type\":\"ListItem\",\"position\":2,\"name\":\"COMIT\u00ca CIENT\u00cdFICO\"}]},{\"@type\":\"WebSite\",\"@id\":\"https:\/\/setec.ufmt.br\/eventos\/semiedu2023\/#website\",\"url\":\"https:\/\/setec.ufmt.br\/eventos\/semiedu2023\/\",\"name\":\"Semin\u00e1rio de Educa\u00e7\u00e3o 2023 - UFMT\",\"description\":\"Semin\u00e1rio de Educa\u00e7\u00e3o\",\"publisher\":{\"@id\":\"https:\/\/setec.ufmt.br\/eventos\/semiedu2023\/#organization\"},\"potentialAction\":[{\"@type\":\"SearchAction\",\"target\":{\"@type\":\"EntryPoint\",\"urlTemplate\":\"https:\/\/setec.ufmt.br\/eventos\/semiedu2023\/?s={search_term_string}\"},\"query-input\":\"required name=search_term_string\"}],\"inLanguage\":\"pt-BR\"},{\"@type\":\"Organization\",\"@id\":\"https:\/\/setec.ufmt.br\/eventos\/semiedu2023\/#organization\",\"name\":\"SemiEdu 2023\",\"url\":\"https:\/\/setec.ufmt.br\/eventos\/semiedu2023\/\",\"logo\":{\"@type\":\"ImageObject\",\"inLanguage\":\"pt-BR\",\"@id\":\"https:\/\/setec.ufmt.br\/eventos\/semiedu2023\/#\/schema\/logo\/image\/\",\"url\":\"https:\/\/setec.ufmt.br\/eventos\/semiedu2023\/wp-content\/uploads\/2023\/07\/SemiEdu2023_vs-01-apv_RGB_logo-transparente.png\",\"contentUrl\":\"https:\/\/setec.ufmt.br\/eventos\/semiedu2023\/wp-content\/uploads\/2023\/07\/SemiEdu2023_vs-01-apv_RGB_logo-transparente.png\",\"width\":1920,\"height\":1080,\"caption\":\"SemiEdu 2023\"},\"image\":{\"@id\":\"https:\/\/setec.ufmt.br\/eventos\/semiedu2023\/#\/schema\/logo\/image\/\"},\"sameAs\":[\"https:\/\/www.facebook.com\/people\/SemiEdu-Seminrio-de-Educao-PPGE\/100083258955178\/?mibextid=9R9pXO\",\"https:\/\/www.instagram.com\/semieduppge\/\"]}]}<\/script>\n<!-- \/ Yoast SEO plugin. -->","yoast_head_json":{"title":"COMIT\u00ca CIENT\u00cdFICO - SemiEdu 2023","robots":{"index":"index","follow":"follow","max-snippet":"max-snippet:-1","max-image-preview":"max-image-preview:large","max-video-preview":"max-video-preview:-1"},"canonical":"https:\/\/setec.ufmt.br\/eventos\/semiedu2023\/comite-cientifico\/","og_locale":"pt_BR","og_type":"article","og_title":"COMIT\u00ca CIENT\u00cdFICO - SemiEdu 2023","og_description":"Adelmo Carvalho da Silva \u2013 UFMTAlexandre Martins dos Anjos &#8211; UFMTAna Lara Casagrande &#8211; UFMTAna Luisa Alves Cordeiro &#8211; UFMTBarbara Cortella Pereira de Oliveira &#8211; UFMTBeleni Salte Grando &#8211; UFMTCandida Soares da Costa &#8211; UFMTCeleida [&hellip;]","og_url":"https:\/\/setec.ufmt.br\/eventos\/semiedu2023\/comite-cientifico\/","og_site_name":"SemiEdu 2023","article_publisher":"https:\/\/www.facebook.com\/people\/SemiEdu-Seminrio-de-Educao-PPGE\/100083258955178\/?mibextid=9R9pXO","article_modified_time":"2023-10-16T14:12:41+00:00","twitter_card":"summary_large_image","twitter_misc":{"Est. tempo de leitura":"2 minutos"},"schema":{"@context":"https:\/\/schema.org","@graph":[{"@type":"WebPage","@id":"https:\/\/setec.ufmt.br\/eventos\/semiedu2023\/comite-cientifico\/","url":"https:\/\/setec.ufmt.br\/eventos\/semiedu2023\/comite-cientifico\/","name":"COMIT\u00ca CIENT\u00cdFICO - SemiEdu 2023","isPartOf":{"@id":"https:\/\/setec.ufmt.br\/eventos\/semiedu2023\/#website"},"datePublished":"2023-09-26T20:48:32+00:00","dateModified":"2023-10-16T14:12:41+00:00","breadcrumb":{"@id":"https:\/\/setec.ufmt.br\/eventos\/semiedu2023\/comite-cientifico\/#breadcrumb"},"inLanguage":"pt-BR","potentialAction":[{"@type":"ReadAction","target":["https:\/\/setec.ufmt.br\/eventos\/semiedu2023\/comite-cientifico\/"]}]},{"@type":"BreadcrumbList","@id":"https:\/\/setec.ufmt.br\/eventos\/semiedu2023\/comite-cientifico\/#breadcrumb","itemListElement":[{"@type":"ListItem","position":1,"name":"In\u00edcio","item":"https:\/\/setec.ufmt.br\/eventos\/semiedu2023\/"},{"@type":"ListItem","position":2,"name":"COMIT\u00ca CIENT\u00cdFICO"}]},{"@type":"WebSite","@id":"https:\/\/setec.ufmt.br\/eventos\/semiedu2023\/#website","url":"https:\/\/setec.ufmt.br\/eventos\/semiedu2023\/","name":"Semin\u00e1rio de Educa\u00e7\u00e3o 2023 - UFMT","description":"Semin\u00e1rio de Educa\u00e7\u00e3o","publisher":{"@id":"https:\/\/setec.ufmt.br\/eventos\/semiedu2023\/#organization"},"potentialAction":[{"@type":"SearchAction","target":{"@type":"EntryPoint","urlTemplate":"https:\/\/setec.ufmt.br\/eventos\/semiedu2023\/?s={search_term_string}"},"query-input":"required name=search_term_string"}],"inLanguage":"pt-BR"},{"@type":"Organization","@id":"https:\/\/setec.ufmt.br\/eventos\/semiedu2023\/#organization","name":"SemiEdu 2023","url":"https:\/\/setec.ufmt.br\/eventos\/semiedu2023\/","logo":{"@type":"ImageObject","inLanguage":"pt-BR","@id":"https:\/\/setec.ufmt.br\/eventos\/semiedu2023\/#\/schema\/logo\/image\/","url":"https:\/\/setec.ufmt.br\/eventos\/semiedu2023\/wp-content\/uploads\/2023\/07\/SemiEdu2023_vs-01-apv_RGB_logo-transparente.png","contentUrl":"https:\/\/setec.ufmt.br\/eventos\/semiedu2023\/wp-content\/uploads\/2023\/07\/SemiEdu2023_vs-01-apv_RGB_logo-transparente.png","width":1920,"height":1080,"caption":"SemiEdu 2023"},"image":{"@id":"https:\/\/setec.ufmt.br\/eventos\/semiedu2023\/#\/schema\/logo\/image\/"},"sameAs":["https:\/\/www.facebook.com\/people\/SemiEdu-Seminrio-de-Educao-PPGE\/100083258955178\/?mibextid=9R9pXO","https:\/\/www.instagram.com\/semieduppge\/"]}]}},"jetpack_sharing_enabled":true,"_links":{"self":[{"href":"https:\/\/setec.ufmt.br\/eventos\/semiedu2023\/wp-json\/wp\/v2\/pages\/2038"}],"collection":[{"href":"https:\/\/setec.ufmt.br\/eventos\/semiedu2023\/wp-json\/wp\/v2\/pages"}],"about":[{"href":"https:\/\/setec.ufmt.br\/eventos\/semiedu2023\/wp-json\/wp\/v2\/types\/page"}],"author":[{"embeddable":true,"href":"https:\/\/setec.ufmt.br\/eventos\/semiedu2023\/wp-json\/wp\/v2\/users\/1"}],"replies":[{"embeddable":true,"href":"https:\/\/setec.ufmt.br\/eventos\/semiedu2023\/wp-json\/wp\/v2\/comments?post=2038"}],"version-history":[{"count":20,"href":"https:\/\/setec.ufmt.br\/eventos\/semiedu2023\/wp-json\/wp\/v2\/pages\/2038\/revisions"}],"predecessor-version":[{"id":2126,"href":"https:\/\/setec.ufmt.br\/eventos\/semiedu2023\/wp-json\/wp\/v2\/pages\/2038\/revisions\/2126"}],"wp:attachment":[{"href":"https:\/\/setec.ufmt.br\/eventos\/semiedu2023\/wp-json\/wp\/v2\/media?parent=2038"}],"curies":[{"name":"wp","href":"https:\/\/api.w.org\/{rel}","templated":true}]}}