{"id":1065,"date":"2023-08-07T10:58:08","date_gmt":"2023-08-07T14:58:08","guid":{"rendered":"https:\/\/setec.ufmt.br\/eventos\/semiedu\/?page_id=1065"},"modified":"2023-11-24T11:31:35","modified_gmt":"2023-11-24T15:31:35","slug":"programacao-geral","status":"publish","type":"page","link":"https:\/\/setec.ufmt.br\/eventos\/semiedu2023\/programacao-geral\/","title":{"rendered":"Programa\u00e7\u00e3o Geral"},"content":{"rendered":"\t\t<div data-elementor-type=\"wp-page\" data-elementor-id=\"1065\" class=\"elementor elementor-1065\" data-elementor-post-type=\"page\">\n\t\t\t\t\t\t\t<div class=\"elementor-element elementor-element-b102b68 e-flex e-con-boxed e-con e-parent\" data-id=\"b102b68\" data-element_type=\"container\" data-settings=\"{&quot;content_width&quot;:&quot;boxed&quot;}\" data-core-v316-plus=\"true\">\n\t\t\t\t\t<div class=\"e-con-inner\">\n\t\t\t\t<div class=\"elementor-element elementor-element-b935c4b elementor-widget elementor-widget-text-editor\" data-id=\"b935c4b\" data-element_type=\"widget\" data-widget_type=\"text-editor.default\">\n\t\t\t\t<div class=\"elementor-widget-container\">\n\t\t\t<style>\/*! elementor - v3.16.0 - 17-10-2023 *\/\n.elementor-widget-text-editor.elementor-drop-cap-view-stacked .elementor-drop-cap{background-color:#69727d;color:#fff}.elementor-widget-text-editor.elementor-drop-cap-view-framed .elementor-drop-cap{color:#69727d;border:3px solid;background-color:transparent}.elementor-widget-text-editor:not(.elementor-drop-cap-view-default) .elementor-drop-cap{margin-top:8px}.elementor-widget-text-editor:not(.elementor-drop-cap-view-default) .elementor-drop-cap-letter{width:1em;height:1em}.elementor-widget-text-editor .elementor-drop-cap{float:left;text-align:center;line-height:1;font-size:50px}.elementor-widget-text-editor .elementor-drop-cap-letter{display:inline-block}<\/style>\t\t\t\t<p><strong>ABERTURA: <span style=\"color: #a81917;\">27\/11\/2023 <br \/><\/span><\/strong>[\u00c0s 10h &#8211; hor\u00e1rio de Bras\u00edlia]<\/p><p>Apresenta\u00e7\u00e3o Cultural<br \/>Mesa de Abertura &#8211; Autoridades<\/p><p><strong>CONFER\u00caNCIA DE ABERTURA<\/strong> <br \/>A EDUCA\u00c7\u00c3O E SEUS ATUAIS LABIRINTOS: QUAL EDUCA\u00c7\u00c3O? COM E PARA QUEM? COM QUAL ESCOLA?<br \/><strong>Conferencista: Prof. Dr. Edisson Cuervo Montoya (Universidad del Valle &#8211; Col\u00f4mbia)<br \/><span style=\"color: #c45911;\">Local presencial: <\/span><\/strong><span style=\"color: #c45911;\">Anfiteatro Liceu Cuiabano<\/span><strong><br \/><span style=\"color: #c45911;\">Ambiente virtual: <a style=\"color: #c45911;\" href=\"https:\/\/www.youtube.com\/watch?v=hDyz8sE5Fb4\" target=\"_blank\" rel=\"noopener\">YouTube PPGE\/UFMT<\/a><\/span><\/strong><\/p><p>[Das 16h \u00e0s 18h \u2013 hor\u00e1rio de Bras\u00edlia]<br \/><strong>CREDENCIAMENTO &#8211; <span style=\"color: #ff9900;\">PRESENCIAL<br \/><span style=\"color: #c45911;\">Local: <\/span><\/span><\/strong><span style=\"color: #ff9900;\"><span style=\"color: #c45911;\">sala 123 do Instituto de Educa\u00e7\u00e3o<\/span><\/span><strong><span style=\"color: #ff9900;\"><br \/><\/span><\/strong><\/p><p>[Das 18h \u00e0s 19h30 \u2013 hor\u00e1rio de Bras\u00edlia]<br \/><strong>MOSTRA DE PRODU\u00c7\u00c3O VISUAL &#8211; <span style=\"color: #ff9900;\">PRESENCIAL<\/span><br \/><\/strong>Homenagem aos Professores Aposentados do PPGE\/UFMT<br \/><span style=\"color: #c45911;\"><strong>Local:<\/strong> Audit\u00f3rio Michele Sato<\/span><\/p><p><strong>\u00a0<\/strong>[Das 20h \u00e0s 22h \u2013 hor\u00e1rio de Bras\u00edlia]<br \/><span style=\"color: #a81917;\"><strong>MESA 1<\/strong> \u2013 <\/span><strong><span style=\"color: #a81917;\">Trabalho Docente, Curr\u00edculo e Forma\u00e7\u00e3o de Professores<\/span><br \/><\/strong>Prof. Dr. \u00c1lvaro Luiz Moreira Hyp\u00f3lito \u2013 UFPEL<br \/>Profa. Ma. Guelda Cristina de Oliveira Andrade \u2013 CNTE<br \/>Prof. Valdeir Pereira &#8211; Presidente do SINTEP-MT<\/p><p>Profa. Dra. Jacqueline Borges de Paula \u2013 UFMT (<strong>Mediadora<\/strong>)<\/p><p><strong><span style=\"color: #c45911;\">Local presencial: <\/span><\/strong><span style=\"color: #c45911;\">Audit\u00f3rio da FACC\/UFMT<\/span><strong><br \/><span style=\"color: #c45911;\">Ambiente virtual: <a style=\"color: #c45911;\" href=\"https:\/\/www.youtube.com\/live\/qrGEJxxWyvw?feature=shared\" target=\"_blank\" rel=\"noopener\">YouTube PPGE\/UFMT<\/a><\/span><\/strong><\/p><p><strong>Dia <span style=\"color: #a81917;\">28\/11\/2023<\/span><\/strong><\/p><p>[Das 9h \u00e0s 12h30 \u2013 hor\u00e1rio de Bras\u00edlia]<br \/><strong><span style=\"color: #a81917;\">MESA 2 \u2013 Educa\u00e7\u00e3o do Campo, Curr\u00edculo e Forma\u00e7\u00e3o de Professores<\/span><br \/><\/strong>Profa. Dra. Roseli Salete Caldart \u2013 Iterra\/UNB<br \/>Profa. Dra. Ana Cl\u00e1udia da\u00a0Silva\u00a0Rodrigues \u2013 UFPB<br \/>Profa. Dra. Lindalva Maria Novaes Garske &#8211; UFR<br \/>Prof. Dr. Edisson Cuervo Montoya \u2013 Universidad del Valle \u2013 Col\u00f4mbia<\/p><p>Profa. Dra. Filomena Maria Arruda Monteiro \u2013 UFMT (<strong>Mediadora<\/strong>)<\/p><p><strong><span style=\"color: #c45911;\">Local presencial: <\/span><\/strong><span style=\"color: #c45911;\">Audit\u00f3rio da FACC\/UFMT<\/span><strong><br \/><span style=\"color: #c45911;\">Ambiente virtual: <a style=\"color: #c45911;\" href=\"https:\/\/www.youtube.com\/live\/YMXo_izDQwE?feature=shared\" target=\"_blank\" rel=\"noopener\">YouTube PPGE\/UFMT<\/a><\/span><\/strong><\/p><p>[Das 14h \u00e0s 17h \u2013 hor\u00e1rio de Bras\u00edlia]<br \/><strong>COMUNICA\u00c7\u00d5ES ORAIS &#8211; <\/strong>Apresenta\u00e7\u00e3o de Trabalhos (GT) &#8211; <span style=\"color: #ff9900;\"><strong>PRESENCIAL<br \/><span style=\"color: #c45911;\">Local presencial: verificar ensalamento dos GT&#8217;s<\/span><br \/><\/strong><\/span><\/p><p>[Das 17h \u00e0s 18h \u2013 hor\u00e1rio de Bras\u00edlia]<br \/><strong>APRESENTA\u00c7\u00c3O DE P\u00d4STERES &#8211; <span style=\"color: #ff9900;\">PRESENCIAL<br \/><\/span><\/strong><strong><span style=\"color: #c45911;\">Local: Sagu\u00e3o\/Corredor da FACC &#8211; UFMT<\/span><\/strong><\/p><p><strong>Dia <span style=\"color: #a81917;\">29\/11\/2023<\/span><\/strong><\/p><p>[Das 09h \u00e0s 12h30 \u2013 hor\u00e1rio de Bras\u00edlia]<br \/><span style=\"color: #a81917;\"><strong>MESA 3 \u2013 Educa\u00e7\u00e3o das Rela\u00e7\u00f5es \u00c9tnico-raciais, Curr\u00edculo e Forma\u00e7\u00e3o de Professores<br \/><\/strong><\/span>Profa. Dra. Lesley Grace Feracho \u2013 University of Georgia &#8211; USA<br \/>Profa. Dra. Candida Soares da Costa -UFMT<\/p><p>Profa. Dra. Ana Luisa Alves Cordeiro &#8211; UFMT (<strong>Mediadora<\/strong>)<\/p><p><strong><span style=\"color: #c45911;\">Local presencial: <\/span><\/strong><span style=\"color: #c45911;\">Audit\u00f3rio da FACC\/UFMT<\/span><strong><br \/><span style=\"color: #c45911;\">Ambiente virtual: <a style=\"color: #c45911;\" href=\"https:\/\/www.youtube.com\/live\/wYqY0zMW064?feature=shared\" target=\"_blank\" rel=\"noopener\">YouTube PPGE\/UFMT<\/a><\/span><\/strong><\/p><p><strong>[<\/strong>Das 14h \u00e0s 17h \u2013 hor\u00e1rio de Bras\u00edlia]<br \/><strong>COMUNICA\u00c7\u00d5ES ORAIS &#8211; <\/strong>Apresenta\u00e7\u00e3o de Trabalhos (GT) &#8211; <span style=\"color: #ff9900;\"><strong>PRESENCIAL<br \/><span style=\"color: #c45911;\">Local: verificar ensalamento dos GT&#8217;s<\/span><br \/><\/strong><\/span><\/p><p>[Das 18h \u00e0s 19h \u2013 hor\u00e1rio de Bras\u00edlia]<br \/><strong>LAN\u00c7AMENTO DE LIVROS<\/strong>\u00a0&#8211; <span style=\"color: #ff9900;\"><strong>PRESENCIAL<br \/><span style=\"color: #c45911;\">Local presencial: Museu Rondon de Etnologia e Arqueologia (MUSEAR\/UFMT)<\/span><br \/><\/strong><\/span><\/p><p><strong>Dia <span style=\"color: #a81917;\">30\/11\/2023<\/span><\/strong><\/p><p>[Das 9h \u00e0s 12h \u2013 hor\u00e1rio de Bras\u00edlia]<br \/><strong><span style=\"color: #a81917;\">MESA 4 \u2013 Educa\u00e7\u00e3o Ind\u00edgena, Curr\u00edculo e Forma\u00e7\u00e3o de Professores<\/span><br \/><\/strong>Profa. Dra. Adir Casaro Nascimento \u2013 UCDB<br \/>Prof. Dr. Gersem Jos\u00e9 dos Santos Luciano &#8211; UNB<\/p><p>Profa. Dra. Maria Aparecida Rezende \u2013 UFMT (<strong>Mediadora<\/strong>)<\/p><p><strong><span style=\"color: #c45911;\">Local presencial: <\/span><\/strong><span style=\"color: #c45911;\">Audit\u00f3rio da FACC\/UFMT<\/span><strong><br \/><span style=\"color: #c45911;\">Ambiente virtual: <a style=\"color: #c45911;\" href=\"https:\/\/www.youtube.com\/live\/_d1EvGfQYBc?feature=shared\" target=\"_blank\" rel=\"noopener\">YouTube PPGE\/UFMT<\/a><\/span><\/strong><\/p><p>[Das 14h \u00e0s 16h \u2013 hor\u00e1rio de Bras\u00edlia]<br \/><span style=\"color: #a81917;\"><strong>MESA 5<\/strong> <\/span><strong><span style=\"color: #a81917;\">\u2013 Educa\u00e7\u00e3o Especial na Perspectiva da Educa\u00e7\u00e3o Inclusiva, Curr\u00edculo e Forma\u00e7\u00e3o de Professores<\/span><br \/><\/strong>Profa. Dra. Geovana Mendon\u00e7a Lunardi Mendes \u2013 UDESC<br \/>Profa. Dra. Sebastiana Almeida Souza \u2013 UFMT<br \/>Profa Dra Nilce Maria da Silva &#8211; UNEMAT<\/p><p>Profa. Dra. Geniana dos Santos \u2013 UFMT (<strong>Mediadora<\/strong>)<\/p><p><strong><span style=\"color: #c45911;\">Local presencial: <\/span><\/strong><span style=\"color: #c45911;\">Audit\u00f3rio da FACC\/UFMT<\/span><strong><br \/><span style=\"color: #c45911;\">Ambiente virtual: <a style=\"color: #c45911;\" href=\"https:\/\/www.youtube.com\/live\/WT5FAa__bnw?feature=shared\" target=\"_blank\" rel=\"noopener\">YouTube PPGE\/UFMT<\/a><\/span><\/strong><\/p><p>[Das 16h \u00e0s 18h \u2013 hor\u00e1rio de Bras\u00edlia]<br \/><strong>OFICINAS &#8211; <span style=\"color: #ff9900;\">PRESENCIAL<br \/><span style=\"color: #c45911;\">Local presencial: verificar ensalamento das oficinas<\/span><br \/><\/span><\/strong><\/p><p><strong>[<\/strong>Das 18h30 \u00e0s 20h30 \u2013 hor\u00e1rio de Bras\u00edlia]<br \/><strong>ENCERRAMENTO \u2013 <span style=\"color: #ff9900;\">PRESENCIAL<\/span><br \/>Roda de Conversa: <\/strong>Coordenadoras do SemiEdu 2023 e dos Grupos de Trabalho<br \/><strong><span style=\"color: #c45911;\">Local presencial: <\/span><\/strong><span style=\"color: #c45911;\">Audit\u00f3rio da FACC\/UFMT<\/span><\/p><p><strong>Observa\u00e7\u00e3o: <\/strong>O evento ter\u00e1 um formato h\u00edbrido. As atividades que est\u00e3o indicadas com a palavra <span style=\"color: #ff9900;\"><strong>PRESENCIAL<\/strong><\/span> (na cor amarela) indicam que ser\u00e3o realizadas apenas de forma presencial. As outras que n\u00e3o est\u00e3o indicadas, ser\u00e3o realizadas simultaneamente de forma presencial e online.<\/p>\t\t\t\t\t\t<\/div>\n\t\t\t\t<\/div>\n\t\t\t\t\t<\/div>\n\t\t\t\t<\/div>\n\t\t\t\t\t\t\t<\/div>\n\t\t","protected":false},"excerpt":{"rendered":"<p>(Per\u00edodo \u2013 de 27 a 30 de novembro de 2023)<\/p>\n","protected":false},"author":1,"featured_media":0,"parent":0,"menu_order":0,"comment_status":"closed","ping_status":"closed","template":"","meta":{"footnotes":""},"yoast_head":"<!-- This site is optimized with the Yoast SEO plugin v21.4 - https:\/\/yoast.com\/wordpress\/plugins\/seo\/ -->\n<title>Programa\u00e7\u00e3o Geral - SemiEdu 2023<\/title>\n<meta name=\"description\" content=\"P\u00e1gina com a programa\u00e7\u00e3o geral do Semin\u00e1rio de Educa\u00e7\u00e3o 2023 - SemiEdu organizado pela Universidade Federal de Mato Grosso - UFMT.\" \/>\n<meta name=\"robots\" content=\"index, follow, max-snippet:-1, max-image-preview:large, max-video-preview:-1\" \/>\n<link rel=\"canonical\" href=\"https:\/\/setec.ufmt.br\/eventos\/semiedu2023\/programacao-geral\/\" \/>\n<meta property=\"og:locale\" content=\"pt_BR\" \/>\n<meta property=\"og:type\" content=\"article\" \/>\n<meta property=\"og:title\" content=\"Programa\u00e7\u00e3o Geral - SemiEdu 2023\" \/>\n<meta property=\"og:description\" content=\"P\u00e1gina com a programa\u00e7\u00e3o geral do Semin\u00e1rio de Educa\u00e7\u00e3o 2023 - SemiEdu organizado pela Universidade Federal de Mato Grosso - UFMT.\" \/>\n<meta property=\"og:url\" content=\"https:\/\/setec.ufmt.br\/eventos\/semiedu2023\/programacao-geral\/\" \/>\n<meta property=\"og:site_name\" content=\"SemiEdu 2023\" \/>\n<meta property=\"article:publisher\" content=\"https:\/\/www.facebook.com\/people\/SemiEdu-Seminrio-de-Educao-PPGE\/100083258955178\/?mibextid=9R9pXO\" \/>\n<meta property=\"article:modified_time\" content=\"2023-11-24T15:31:35+00:00\" \/>\n<meta name=\"twitter:card\" content=\"summary_large_image\" \/>\n<meta name=\"twitter:label1\" content=\"Est. tempo de leitura\" \/>\n\t<meta name=\"twitter:data1\" content=\"3 minutos\" \/>\n<script type=\"application\/ld+json\" class=\"yoast-schema-graph\">{\"@context\":\"https:\/\/schema.org\",\"@graph\":[{\"@type\":\"WebPage\",\"@id\":\"https:\/\/setec.ufmt.br\/eventos\/semiedu2023\/programacao-geral\/\",\"url\":\"https:\/\/setec.ufmt.br\/eventos\/semiedu2023\/programacao-geral\/\",\"name\":\"Programa\u00e7\u00e3o Geral - SemiEdu 2023\",\"isPartOf\":{\"@id\":\"https:\/\/setec.ufmt.br\/eventos\/semiedu2023\/#website\"},\"datePublished\":\"2023-08-07T14:58:08+00:00\",\"dateModified\":\"2023-11-24T15:31:35+00:00\",\"description\":\"P\u00e1gina com a programa\u00e7\u00e3o geral do Semin\u00e1rio de Educa\u00e7\u00e3o 2023 - SemiEdu organizado pela Universidade Federal de Mato Grosso - UFMT.\",\"breadcrumb\":{\"@id\":\"https:\/\/setec.ufmt.br\/eventos\/semiedu2023\/programacao-geral\/#breadcrumb\"},\"inLanguage\":\"pt-BR\",\"potentialAction\":[{\"@type\":\"ReadAction\",\"target\":[\"https:\/\/setec.ufmt.br\/eventos\/semiedu2023\/programacao-geral\/\"]}]},{\"@type\":\"BreadcrumbList\",\"@id\":\"https:\/\/setec.ufmt.br\/eventos\/semiedu2023\/programacao-geral\/#breadcrumb\",\"itemListElement\":[{\"@type\":\"ListItem\",\"position\":1,\"name\":\"In\u00edcio\",\"item\":\"https:\/\/setec.ufmt.br\/eventos\/semiedu2023\/\"},{\"@type\":\"ListItem\",\"position\":2,\"name\":\"Programa\u00e7\u00e3o Geral\"}]},{\"@type\":\"WebSite\",\"@id\":\"https:\/\/setec.ufmt.br\/eventos\/semiedu2023\/#website\",\"url\":\"https:\/\/setec.ufmt.br\/eventos\/semiedu2023\/\",\"name\":\"Semin\u00e1rio de Educa\u00e7\u00e3o 2023 - UFMT\",\"description\":\"Semin\u00e1rio de Educa\u00e7\u00e3o\",\"publisher\":{\"@id\":\"https:\/\/setec.ufmt.br\/eventos\/semiedu2023\/#organization\"},\"potentialAction\":[{\"@type\":\"SearchAction\",\"target\":{\"@type\":\"EntryPoint\",\"urlTemplate\":\"https:\/\/setec.ufmt.br\/eventos\/semiedu2023\/?s={search_term_string}\"},\"query-input\":\"required name=search_term_string\"}],\"inLanguage\":\"pt-BR\"},{\"@type\":\"Organization\",\"@id\":\"https:\/\/setec.ufmt.br\/eventos\/semiedu2023\/#organization\",\"name\":\"SemiEdu 2023\",\"url\":\"https:\/\/setec.ufmt.br\/eventos\/semiedu2023\/\",\"logo\":{\"@type\":\"ImageObject\",\"inLanguage\":\"pt-BR\",\"@id\":\"https:\/\/setec.ufmt.br\/eventos\/semiedu2023\/#\/schema\/logo\/image\/\",\"url\":\"https:\/\/setec.ufmt.br\/eventos\/semiedu2023\/wp-content\/uploads\/2023\/07\/SemiEdu2023_vs-01-apv_RGB_logo-transparente.png\",\"contentUrl\":\"https:\/\/setec.ufmt.br\/eventos\/semiedu2023\/wp-content\/uploads\/2023\/07\/SemiEdu2023_vs-01-apv_RGB_logo-transparente.png\",\"width\":1920,\"height\":1080,\"caption\":\"SemiEdu 2023\"},\"image\":{\"@id\":\"https:\/\/setec.ufmt.br\/eventos\/semiedu2023\/#\/schema\/logo\/image\/\"},\"sameAs\":[\"https:\/\/www.facebook.com\/people\/SemiEdu-Seminrio-de-Educao-PPGE\/100083258955178\/?mibextid=9R9pXO\",\"https:\/\/www.instagram.com\/semieduppge\/\"]}]}<\/script>\n<!-- \/ Yoast SEO plugin. -->","yoast_head_json":{"title":"Programa\u00e7\u00e3o Geral - SemiEdu 2023","description":"P\u00e1gina com a programa\u00e7\u00e3o geral do Semin\u00e1rio de Educa\u00e7\u00e3o 2023 - SemiEdu organizado pela Universidade Federal de Mato Grosso - UFMT.","robots":{"index":"index","follow":"follow","max-snippet":"max-snippet:-1","max-image-preview":"max-image-preview:large","max-video-preview":"max-video-preview:-1"},"canonical":"https:\/\/setec.ufmt.br\/eventos\/semiedu2023\/programacao-geral\/","og_locale":"pt_BR","og_type":"article","og_title":"Programa\u00e7\u00e3o Geral - SemiEdu 2023","og_description":"P\u00e1gina com a programa\u00e7\u00e3o geral do Semin\u00e1rio de Educa\u00e7\u00e3o 2023 - SemiEdu organizado pela Universidade Federal de Mato Grosso - UFMT.","og_url":"https:\/\/setec.ufmt.br\/eventos\/semiedu2023\/programacao-geral\/","og_site_name":"SemiEdu 2023","article_publisher":"https:\/\/www.facebook.com\/people\/SemiEdu-Seminrio-de-Educao-PPGE\/100083258955178\/?mibextid=9R9pXO","article_modified_time":"2023-11-24T15:31:35+00:00","twitter_card":"summary_large_image","twitter_misc":{"Est. tempo de leitura":"3 minutos"},"schema":{"@context":"https:\/\/schema.org","@graph":[{"@type":"WebPage","@id":"https:\/\/setec.ufmt.br\/eventos\/semiedu2023\/programacao-geral\/","url":"https:\/\/setec.ufmt.br\/eventos\/semiedu2023\/programacao-geral\/","name":"Programa\u00e7\u00e3o Geral - SemiEdu 2023","isPartOf":{"@id":"https:\/\/setec.ufmt.br\/eventos\/semiedu2023\/#website"},"datePublished":"2023-08-07T14:58:08+00:00","dateModified":"2023-11-24T15:31:35+00:00","description":"P\u00e1gina com a programa\u00e7\u00e3o geral do Semin\u00e1rio de Educa\u00e7\u00e3o 2023 - SemiEdu organizado pela Universidade Federal de Mato Grosso - UFMT.","breadcrumb":{"@id":"https:\/\/setec.ufmt.br\/eventos\/semiedu2023\/programacao-geral\/#breadcrumb"},"inLanguage":"pt-BR","potentialAction":[{"@type":"ReadAction","target":["https:\/\/setec.ufmt.br\/eventos\/semiedu2023\/programacao-geral\/"]}]},{"@type":"BreadcrumbList","@id":"https:\/\/setec.ufmt.br\/eventos\/semiedu2023\/programacao-geral\/#breadcrumb","itemListElement":[{"@type":"ListItem","position":1,"name":"In\u00edcio","item":"https:\/\/setec.ufmt.br\/eventos\/semiedu2023\/"},{"@type":"ListItem","position":2,"name":"Programa\u00e7\u00e3o Geral"}]},{"@type":"WebSite","@id":"https:\/\/setec.ufmt.br\/eventos\/semiedu2023\/#website","url":"https:\/\/setec.ufmt.br\/eventos\/semiedu2023\/","name":"Semin\u00e1rio de Educa\u00e7\u00e3o 2023 - UFMT","description":"Semin\u00e1rio de Educa\u00e7\u00e3o","publisher":{"@id":"https:\/\/setec.ufmt.br\/eventos\/semiedu2023\/#organization"},"potentialAction":[{"@type":"SearchAction","target":{"@type":"EntryPoint","urlTemplate":"https:\/\/setec.ufmt.br\/eventos\/semiedu2023\/?s={search_term_string}"},"query-input":"required name=search_term_string"}],"inLanguage":"pt-BR"},{"@type":"Organization","@id":"https:\/\/setec.ufmt.br\/eventos\/semiedu2023\/#organization","name":"SemiEdu 2023","url":"https:\/\/setec.ufmt.br\/eventos\/semiedu2023\/","logo":{"@type":"ImageObject","inLanguage":"pt-BR","@id":"https:\/\/setec.ufmt.br\/eventos\/semiedu2023\/#\/schema\/logo\/image\/","url":"https:\/\/setec.ufmt.br\/eventos\/semiedu2023\/wp-content\/uploads\/2023\/07\/SemiEdu2023_vs-01-apv_RGB_logo-transparente.png","contentUrl":"https:\/\/setec.ufmt.br\/eventos\/semiedu2023\/wp-content\/uploads\/2023\/07\/SemiEdu2023_vs-01-apv_RGB_logo-transparente.png","width":1920,"height":1080,"caption":"SemiEdu 2023"},"image":{"@id":"https:\/\/setec.ufmt.br\/eventos\/semiedu2023\/#\/schema\/logo\/image\/"},"sameAs":["https:\/\/www.facebook.com\/people\/SemiEdu-Seminrio-de-Educao-PPGE\/100083258955178\/?mibextid=9R9pXO","https:\/\/www.instagram.com\/semieduppge\/"]}]}},"jetpack_sharing_enabled":true,"_links":{"self":[{"href":"https:\/\/setec.ufmt.br\/eventos\/semiedu2023\/wp-json\/wp\/v2\/pages\/1065"}],"collection":[{"href":"https:\/\/setec.ufmt.br\/eventos\/semiedu2023\/wp-json\/wp\/v2\/pages"}],"about":[{"href":"https:\/\/setec.ufmt.br\/eventos\/semiedu2023\/wp-json\/wp\/v2\/types\/page"}],"author":[{"embeddable":true,"href":"https:\/\/setec.ufmt.br\/eventos\/semiedu2023\/wp-json\/wp\/v2\/users\/1"}],"replies":[{"embeddable":true,"href":"https:\/\/setec.ufmt.br\/eventos\/semiedu2023\/wp-json\/wp\/v2\/comments?post=1065"}],"version-history":[{"count":85,"href":"https:\/\/setec.ufmt.br\/eventos\/semiedu2023\/wp-json\/wp\/v2\/pages\/1065\/revisions"}],"predecessor-version":[{"id":2952,"href":"https:\/\/setec.ufmt.br\/eventos\/semiedu2023\/wp-json\/wp\/v2\/pages\/1065\/revisions\/2952"}],"wp:attachment":[{"href":"https:\/\/setec.ufmt.br\/eventos\/semiedu2023\/wp-json\/wp\/v2\/media?parent=1065"}],"curies":[{"name":"wp","href":"https:\/\/api.w.org\/{rel}","templated":true}]}}